{"id":1261,"date":"2026-01-19T17:50:15","date_gmt":"2026-01-19T17:50:15","guid":{"rendered":"http:\/\/ia-education.be\/?page_id=1261"},"modified":"2026-03-30T07:22:02","modified_gmt":"2026-03-30T07:22:02","slug":"education-aux-medias","status":"publish","type":"page","link":"https:\/\/ia-education.be\/?page_id=1261","title":{"rendered":"Education aux m\u00e9dias"},"content":{"rendered":"<p><div class=\"fusion-fullwidth fullwidth-box fusion-builder-row-1 fusion-flex-container has-pattern-background has-mask-background nonhundred-percent-fullwidth non-hundred-percent-height-scrolling\" style=\"--awb-border-radius-top-left:0px;--awb-border-radius-top-right:0px;--awb-border-radius-bottom-right:0px;--awb-border-radius-bottom-left:0px;--awb-background-color:#5078a0;--awb-flex-wrap:wrap;\" ><div class=\"fusion-builder-row fusion-row fusion-flex-align-items-flex-start fusion-flex-content-wrap\" style=\"max-width:1248px;margin-left: calc(-4% \/ 2 );margin-right: calc(-4% \/ 2 );\"><div class=\"fusion-layout-column fusion_builder_column fusion-builder-column-0 fusion_builder_column_1_1 1_1 fusion-flex-column\" style=\"--awb-bg-size:cover;--awb-width-large:100%;--awb-margin-top-large:0px;--awb-spacing-right-large:1.92%;--awb-margin-bottom-large:20px;--awb-spacing-left-large:1.92%;--awb-width-medium:100%;--awb-order-medium:0;--awb-spacing-right-medium:1.92%;--awb-spacing-left-medium:1.92%;--awb-width-small:100%;--awb-order-small:0;--awb-spacing-right-small:1.92%;--awb-spacing-left-small:1.92%;\"><div class=\"fusion-column-wrapper fusion-column-has-shadow fusion-flex-justify-content-flex-start fusion-content-layout-column\"><div class=\"fusion-title title fusion-title-1 fusion-sep-none fusion-title-text fusion-title-size-one\" style=\"--awb-text-color:#ffffff;--awb-margin-top-small:10px;--awb-margin-right-small:0px;--awb-margin-bottom-small:10px;--awb-margin-left-small:0px;\"><h1 class=\"fusion-title-heading title-heading-left fusion-responsive-typography-calculated\" style=\"margin:0;--fontSize:64;line-height:var(--awb-typography1-line-height);\">Education aux m\u00e9dias<\/h1><\/div><\/div><\/div><\/div><\/div><div class=\"fusion-fullwidth fullwidth-box fusion-builder-row-2 fusion-flex-container has-pattern-background has-mask-background nonhundred-percent-fullwidth non-hundred-percent-height-scrolling\" style=\"--awb-border-radius-top-left:0px;--awb-border-radius-top-right:0px;--awb-border-radius-bottom-right:0px;--awb-border-radius-bottom-left:0px;--awb-flex-wrap:wrap;\" ><div class=\"fusion-builder-row fusion-row fusion-flex-align-items-flex-start fusion-flex-content-wrap\" style=\"max-width:1248px;margin-left: calc(-4% \/ 2 );margin-right: calc(-4% \/ 2 );\"><div class=\"fusion-layout-column fusion_builder_column fusion-builder-column-1 fusion_builder_column_1_1 1_1 fusion-flex-column\" style=\"--awb-bg-size:cover;--awb-width-large:100%;--awb-margin-top-large:0px;--awb-spacing-right-large:1.92%;--awb-margin-bottom-large:20px;--awb-spacing-left-large:1.92%;--awb-width-medium:100%;--awb-order-medium:0;--awb-spacing-right-medium:1.92%;--awb-spacing-left-medium:1.92%;--awb-width-small:100%;--awb-order-small:0;--awb-spacing-right-small:1.92%;--awb-spacing-left-small:1.92%;\"><div class=\"fusion-column-wrapper fusion-column-has-shadow fusion-flex-justify-content-flex-start fusion-content-layout-column\"><\/div><\/div><\/div><\/div><div class=\"fusion-fullwidth fullwidth-box fusion-builder-row-3 fusion-flex-container has-pattern-background has-mask-background nonhundred-percent-fullwidth non-hundred-percent-height-scrolling\" style=\"--awb-border-radius-top-left:0px;--awb-border-radius-top-right:0px;--awb-border-radius-bottom-right:0px;--awb-border-radius-bottom-left:0px;--awb-flex-wrap:wrap;\" ><div class=\"fusion-builder-row fusion-row fusion-flex-align-items-flex-start fusion-flex-content-wrap\" style=\"max-width:1248px;margin-left: calc(-4% \/ 2 );margin-right: calc(-4% \/ 2 );\"><div class=\"fusion-layout-column fusion_builder_column fusion-builder-column-2 fusion_builder_column_1_6 1_6 fusion-flex-column\" style=\"--awb-bg-size:cover;--awb-width-large:16.666666666667%;--awb-margin-top-large:0px;--awb-spacing-right-large:11.52%;--awb-margin-bottom-large:20px;--awb-spacing-left-large:11.52%;--awb-width-medium:16.666666666667%;--awb-order-medium:0;--awb-spacing-right-medium:11.52%;--awb-spacing-left-medium:11.52%;--awb-width-small:100%;--awb-order-small:0;--awb-spacing-right-small:1.92%;--awb-spacing-left-small:1.92%;\"><div class=\"fusion-column-wrapper fusion-column-has-shadow fusion-flex-justify-content-flex-start fusion-content-layout-column\"><div class=\"fusion-image-element \" style=\"--awb-caption-title-font-family:var(--h2_typography-font-family);--awb-caption-title-font-weight:var(--h2_typography-font-weight);--awb-caption-title-font-style:var(--h2_typography-font-style);--awb-caption-title-size:var(--h2_typography-font-size);--awb-caption-title-transform:var(--h2_typography-text-transform);--awb-caption-title-line-height:var(--h2_typography-line-height);--awb-caption-title-letter-spacing:var(--h2_typography-letter-spacing);\"><span class=\" fusion-imageframe imageframe-none imageframe-1 hover-type-none\"><img decoding=\"async\" width=\"832\" height=\"543\" title=\"ChatGPT Image 22 f\u00e9vr. 2026, 15_19_09\" src=\"https:\/\/ia-education.be\/wp-content\/uploads\/2026\/02\/ChatGPT-Image-22-fevr.-2026-15_19_09-e1771771242257.png\" alt class=\"img-responsive wp-image-2186\" srcset=\"https:\/\/ia-education.be\/wp-content\/uploads\/2026\/02\/ChatGPT-Image-22-fevr.-2026-15_19_09-e1771771242257-200x131.png 200w, https:\/\/ia-education.be\/wp-content\/uploads\/2026\/02\/ChatGPT-Image-22-fevr.-2026-15_19_09-e1771771242257-400x261.png 400w, https:\/\/ia-education.be\/wp-content\/uploads\/2026\/02\/ChatGPT-Image-22-fevr.-2026-15_19_09-e1771771242257-600x392.png 600w, https:\/\/ia-education.be\/wp-content\/uploads\/2026\/02\/ChatGPT-Image-22-fevr.-2026-15_19_09-e1771771242257-800x522.png 800w, https:\/\/ia-education.be\/wp-content\/uploads\/2026\/02\/ChatGPT-Image-22-fevr.-2026-15_19_09-e1771771242257.png 832w\" sizes=\"(max-width: 640px) 100vw, 200px\" \/><\/span><\/div><\/div><\/div><div class=\"fusion-layout-column fusion_builder_column fusion-builder-column-3 fusion_builder_column_4_5 4_5 fusion-flex-column\" style=\"--awb-bg-size:cover;--awb-border-color:#5078a0;--awb-border-top:1px;--awb-border-right:1px;--awb-border-bottom:1px;--awb-border-left:1px;--awb-border-style:solid;--awb-width-large:80%;--awb-margin-top-large:0px;--awb-spacing-right-large:2.4%;--awb-margin-bottom-large:20px;--awb-spacing-left-large:2.4%;--awb-width-medium:80%;--awb-order-medium:0;--awb-spacing-right-medium:2.4%;--awb-spacing-left-medium:2.4%;--awb-width-small:100%;--awb-order-small:0;--awb-spacing-right-small:1.92%;--awb-spacing-left-small:1.92%;\"><div class=\"fusion-column-wrapper fusion-column-has-shadow fusion-flex-justify-content-flex-start fusion-content-layout-column\"><div class=\"fusion-text fusion-text-1\"><p>R\u00e9sum\u00e9<\/p>\n<\/div><\/div><\/div><\/div><\/div><div class=\"fusion-fullwidth fullwidth-box fusion-builder-row-4 fusion-flex-container has-pattern-background has-mask-background nonhundred-percent-fullwidth non-hundred-percent-height-scrolling\" style=\"--awb-border-radius-top-left:0px;--awb-border-radius-top-right:0px;--awb-border-radius-bottom-right:0px;--awb-border-radius-bottom-left:0px;--awb-flex-wrap:wrap;\" ><div class=\"fusion-builder-row fusion-row fusion-flex-align-items-flex-start fusion-flex-content-wrap\" style=\"max-width:1248px;margin-left: calc(-4% \/ 2 );margin-right: calc(-4% \/ 2 );\"><div class=\"fusion-layout-column fusion_builder_column fusion-builder-column-4 fusion_builder_column_1_2 1_2 fusion-flex-column\" style=\"--awb-bg-size:cover;--awb-width-large:50%;--awb-margin-top-large:0px;--awb-spacing-right-large:3.84%;--awb-margin-bottom-large:20px;--awb-spacing-left-large:3.84%;--awb-width-medium:50%;--awb-order-medium:0;--awb-spacing-right-medium:3.84%;--awb-spacing-left-medium:3.84%;--awb-width-small:100%;--awb-order-small:0;--awb-spacing-right-small:1.92%;--awb-spacing-left-small:1.92%;\"><div class=\"fusion-column-wrapper fusion-column-has-shadow fusion-flex-justify-content-flex-start fusion-content-layout-column\"><div class=\"fusion-text fusion-text-2\"><p><span style=\"letter-spacing: 0.24px; background-color: rgba(0, 0, 0, 0);\">Tout comme le cours de Num\u00e9rique, celui d\u2019\u00e9ducation aux m\u00e9dias  appara\u00eet avec le tronc commun. Les \u00e9l\u00e8ves porteront un autre regard sur les m\u00e9dias au sein de tous les cours et pendant une heure par semaine.<\/span><\/p>\n<p>L\u2019\u00e9ducation aux m\u00e9dias poursuit quatre objectifs compl\u00e9mentaires :<\/p>\n<p>&#8211; d\u00e9velopper chez l\u2019apprenant une analyse critique des messages et des repr\u00e9sentations m\u00e9diatiques;<b> (comp\u00e9tence critiquer)<\/b><\/p>\n<p>&#8211; comprendre le contexte \u00e9conomique, social et culturel dans lequel les m\u00e9dias sont produits, partag\u00e9s et utilis\u00e9s; <b>(comp\u00e9tence critiquer)<\/b><\/p>\n<\/div><\/div><\/div><div class=\"fusion-layout-column fusion_builder_column fusion-builder-column-5 fusion_builder_column_1_2 1_2 fusion-flex-column\" style=\"--awb-bg-size:cover;--awb-width-large:50%;--awb-margin-top-large:0px;--awb-spacing-right-large:3.84%;--awb-margin-bottom-large:20px;--awb-spacing-left-large:3.84%;--awb-width-medium:50%;--awb-order-medium:0;--awb-spacing-right-medium:3.84%;--awb-spacing-left-medium:3.84%;--awb-width-small:100%;--awb-order-small:0;--awb-spacing-right-small:1.92%;--awb-spacing-left-small:1.92%;\"><div class=\"fusion-column-wrapper fusion-column-has-shadow fusion-flex-justify-content-flex-start fusion-content-layout-column\"><div class=\"fusion-text fusion-text-3\"><p>&#8211; favoriser l\u2019apprentissage de l\u2019expression et de la communication par les m\u00e9dias <b>(comp\u00e9tence produire)<\/b><\/p>\n<p>&#8211; permettre une r\u00e9flexion sur ses propres comportements \u00e0 l\u2019\u00e9gard des m\u00e9dias, tant comme <span style=\"letter-spacing: 0.24px; background-color: rgba(0, 0, 0, 0);\">r\u00e9cepteur que comme \u00e9metteur ou contributeur. <\/span><span style=\"letter-spacing: 0.24px; background-color: rgba(0, 0, 0, 0);\"><b>(comp\u00e9tence critiquer)<\/b><\/span><\/p>\n<p>Source : http:\/\/www.enseignement.be\/public\/docs\/brochure-d-ducation-aux-m-dias-.pdf<\/p>\n<\/div><\/div><\/div><\/div><\/div><div class=\"fusion-fullwidth fullwidth-box fusion-builder-row-5 fusion-flex-container has-pattern-background has-mask-background nonhundred-percent-fullwidth non-hundred-percent-height-scrolling\" style=\"--awb-border-radius-top-left:0px;--awb-border-radius-top-right:0px;--awb-border-radius-bottom-right:0px;--awb-border-radius-bottom-left:0px;--awb-flex-wrap:wrap;\" ><div class=\"fusion-builder-row fusion-row fusion-flex-align-items-flex-start fusion-flex-content-wrap\" style=\"max-width:1248px;margin-left: calc(-4% \/ 2 );margin-right: calc(-4% \/ 2 );\"><div class=\"fusion-layout-column fusion_builder_column fusion-builder-column-6 fusion_builder_column_1_2 1_2 fusion-flex-column\" style=\"--awb-bg-size:cover;--awb-width-large:50%;--awb-margin-top-large:0px;--awb-spacing-right-large:3.84%;--awb-margin-bottom-large:20px;--awb-spacing-left-large:3.84%;--awb-width-medium:50%;--awb-order-medium:0;--awb-spacing-right-medium:3.84%;--awb-spacing-left-medium:3.84%;--awb-width-small:100%;--awb-order-small:0;--awb-spacing-right-small:1.92%;--awb-spacing-left-small:1.92%;\"><div class=\"fusion-column-wrapper fusion-column-has-shadow fusion-flex-justify-content-flex-start fusion-content-layout-column\"><div class=\"fusion-image-element \" style=\"--awb-caption-title-font-family:var(--h2_typography-font-family);--awb-caption-title-font-weight:var(--h2_typography-font-weight);--awb-caption-title-font-style:var(--h2_typography-font-style);--awb-caption-title-size:var(--h2_typography-font-size);--awb-caption-title-transform:var(--h2_typography-text-transform);--awb-caption-title-line-height:var(--h2_typography-line-height);--awb-caption-title-letter-spacing:var(--h2_typography-letter-spacing);\"><span class=\" fusion-imageframe imageframe-none imageframe-2 hover-type-none\"><img decoding=\"async\" width=\"1024\" height=\"683\" title=\"ChatGPT Image 17 mars 2026, 12_30_46\" src=\"https:\/\/ia-education.be\/wp-content\/uploads\/2026\/03\/ChatGPT-Image-17-mars-2026-12_30_46-1024x683.png\" alt class=\"img-responsive wp-image-2653\" srcset=\"https:\/\/ia-education.be\/wp-content\/uploads\/2026\/03\/ChatGPT-Image-17-mars-2026-12_30_46-200x133.png 200w, https:\/\/ia-education.be\/wp-content\/uploads\/2026\/03\/ChatGPT-Image-17-mars-2026-12_30_46-400x267.png 400w, https:\/\/ia-education.be\/wp-content\/uploads\/2026\/03\/ChatGPT-Image-17-mars-2026-12_30_46-600x400.png 600w, https:\/\/ia-education.be\/wp-content\/uploads\/2026\/03\/ChatGPT-Image-17-mars-2026-12_30_46-800x533.png 800w, https:\/\/ia-education.be\/wp-content\/uploads\/2026\/03\/ChatGPT-Image-17-mars-2026-12_30_46-1200x800.png 1200w, https:\/\/ia-education.be\/wp-content\/uploads\/2026\/03\/ChatGPT-Image-17-mars-2026-12_30_46.png 1536w\" sizes=\"(max-width: 640px) 100vw, 600px\" \/><\/span><\/div><\/div><\/div><div class=\"fusion-layout-column fusion_builder_column fusion-builder-column-7 fusion_builder_column_1_2 1_2 fusion-flex-column\" style=\"--awb-bg-size:cover;--awb-width-large:50%;--awb-margin-top-large:0px;--awb-spacing-right-large:3.84%;--awb-margin-bottom-large:20px;--awb-spacing-left-large:3.84%;--awb-width-medium:50%;--awb-order-medium:0;--awb-spacing-right-medium:3.84%;--awb-spacing-left-medium:3.84%;--awb-width-small:100%;--awb-order-small:0;--awb-spacing-right-small:1.92%;--awb-spacing-left-small:1.92%;\"><div class=\"fusion-column-wrapper fusion-column-has-shadow fusion-flex-justify-content-flex-start fusion-content-layout-column\"><\/div><\/div><\/div><\/div><div class=\"fusion-fullwidth fullwidth-box fusion-builder-row-6 fusion-flex-container has-pattern-background has-mask-background nonhundred-percent-fullwidth non-hundred-percent-height-scrolling\" style=\"--awb-border-radius-top-left:0px;--awb-border-radius-top-right:0px;--awb-border-radius-bottom-right:0px;--awb-border-radius-bottom-left:0px;--awb-flex-wrap:wrap;\" ><div class=\"fusion-builder-row fusion-row fusion-flex-align-items-flex-start fusion-flex-content-wrap\" style=\"max-width:1248px;margin-left: calc(-4% \/ 2 );margin-right: calc(-4% \/ 2 );\"><div class=\"fusion-layout-column fusion_builder_column fusion-builder-column-8 fusion_builder_column_1_1 1_1 fusion-flex-column\" style=\"--awb-bg-size:cover;--awb-width-large:100%;--awb-margin-top-large:0px;--awb-spacing-right-large:1.92%;--awb-margin-bottom-large:20px;--awb-spacing-left-large:1.92%;--awb-width-medium:100%;--awb-order-medium:0;--awb-spacing-right-medium:1.92%;--awb-spacing-left-medium:1.92%;--awb-width-small:100%;--awb-order-small:0;--awb-spacing-right-small:1.92%;--awb-spacing-left-small:1.92%;\"><div class=\"fusion-column-wrapper fusion-column-has-shadow fusion-flex-justify-content-flex-start fusion-content-layout-column\"><div class=\"fusion-text fusion-text-4\"><p>Dans le cadre de ce cours, l&rsquo;enseignant peut donc travailler sur trois comp\u00e9tences que nous avons identifi\u00e9s au sein de ce site. Nous vous proposons donc une s\u00e9rie d&rsquo;activit\u00e9s \u00e0 int\u00e9grer au sein de votre cours.<\/p>\n<\/div><\/div><\/div><\/div><\/div><div class=\"fusion-fullwidth fullwidth-box fusion-builder-row-7 fusion-flex-container has-pattern-background has-mask-background nonhundred-percent-fullwidth non-hundred-percent-height-scrolling\" style=\"--awb-border-radius-top-left:0px;--awb-border-radius-top-right:0px;--awb-border-radius-bottom-right:0px;--awb-border-radius-bottom-left:0px;--awb-flex-wrap:wrap;\" ><div class=\"fusion-builder-row fusion-row fusion-flex-align-items-flex-start fusion-flex-content-wrap\" style=\"max-width:1248px;margin-left: calc(-4% \/ 2 );margin-right: calc(-4% \/ 2 );\"><div class=\"fusion-layout-column fusion_builder_column fusion-builder-column-9 fusion_builder_column_1_1 1_1 fusion-flex-column\" style=\"--awb-bg-size:cover;--awb-width-large:100%;--awb-margin-top-large:0px;--awb-spacing-right-large:1.92%;--awb-margin-bottom-large:20px;--awb-spacing-left-large:1.92%;--awb-width-medium:100%;--awb-order-medium:0;--awb-spacing-right-medium:1.92%;--awb-spacing-left-medium:1.92%;--awb-width-small:100%;--awb-order-small:0;--awb-spacing-right-small:1.92%;--awb-spacing-left-small:1.92%;\"><div class=\"fusion-column-wrapper fusion-column-has-shadow fusion-flex-justify-content-flex-start fusion-content-layout-column\"><div class=\"fusion-text fusion-text-5\"><p>Critiquer<\/p>\n<p>Identifier la pr\u00e9sence, les fonctions, les b\u00e9n\u00e9fices et les limites de l\u2019IA dans des outils num\u00e9riques<\/p>\n<p>S\u2019interroger sur la pertinence du recours \u00e0 l\u2019IA dans diff\u00e9rents contextes<\/p>\n<p>Expliquer les limites de l\u2019IA (biais, hallucinations, st\u00e9r\u00e9otypes)<\/p>\n<p>Rep\u00e9rer les fake news, la m\u00e9sinformation et la d\u00e9sinformation<\/p>\n<p> Raisonner<\/p>\n<p>Choisir un outil d\u2019IA pertinent en fonction d\u2019un besoin et justifier ce choix<\/p>\n<p>Formuler et affiner des requ\u00eates (prompts)<\/p>\n<p>Comprendre le fonctionnement de base de l\u2019IA et du machine learning<\/p>\n<p>Utiliser un prompt ou un tutoriel en ajustant sa d\u00e9marche<\/p>\n<p>Agir avec \u00e9thique<\/p>\n<p>Citer des arguments pour mentionner qu\u2019un contenu est g\u00e9n\u00e9r\u00e9 par une IA<\/p>\n<p>Identifier des enjeux \u00e9thiques et juridiques li\u00e9s aux donn\u00e9es d\u2019entra\u00eenement<\/p>\n<p>Comprendre les usages transparents et \u00e9thiques de l\u2019IA<\/p>\n<p>Respecter les droits d\u2019auteur, y compris avec une IA<\/p>\n<p>\u00c9coconcevoir<\/p>\n<p>Classer des usages du num\u00e9rique selon leur impact \u00e9cologique<\/p>\n<p>Prendre en compte les impacts (dont environnementaux) dans le choix d\u2019un outil d\u2019IA<\/p>\n<p>Produire<\/p>\n<p>Produire un contenu structur\u00e9 \u00e0 l\u2019aide d\u2019un prompt<\/p>\n<p>\u00c9diter et enrichir un contenu avec une IA<\/p>\n<p>G\u00e9n\u00e9rer des contenus (texte, image, son\u2026) selon un besoin<\/p>\n<\/p>\n<p>Se prot\u00e9ger<\/p>\n<p>Pr\u00e9server la confidentialit\u00e9 ou l\u2019anonymat, y compris avec une IA<\/p>\n<p>Respecter la protection des donn\u00e9es lors de collectes (quiz, sondages\u2026)<\/p>\n<p>Rep\u00e9rer les donn\u00e9es personnelles (collectes actives et passives)<\/p>\n<p>Param\u00e9trer la confidentialit\u00e9 et g\u00e9rer ses traces num\u00e9riques<\/p>\n<p>Identifier des situations o\u00f9 il vaut mieux \u00e9viter l\u2019IA (bien-\u00eatre)<\/p>\n<p>Source : <span style=\"letter-spacing: 0.24px; background-color: rgba(0, 0, 0, 0);\">F\u00e9d\u00e9ration Wallonie-Bruxelles \u2013 Enseignement. (2026). Brochure relative \u00e0 la mise en \u0153uvre de la formation num\u00e9rique en premi\u00e8re secondaire en 2026-2027.<\/span><\/p>\n<\/div><\/div><\/div><\/div><\/div><\/p>\n","protected":false},"excerpt":{"rendered":"","protected":false},"author":1,"featured_media":0,"parent":1256,"menu_order":0,"comment_status":"closed","ping_status":"closed","template":"100-width.php","meta":{"footnotes":""},"class_list":["post-1261","page","type-page","status-publish","hentry"],"yoast_head":"<!-- This site is optimized with the Yoast SEO plugin v27.4 - https:\/\/yoast.com\/product\/yoast-seo-wordpress\/ -->\n<title>Education aux m\u00e9dias - P\u00e9dagogie &amp; Intelligence artificielle<\/title>\n<meta name=\"robots\" content=\"index, follow, max-snippet:-1, max-image-preview:large, max-video-preview:-1\" \/>\n<link rel=\"canonical\" href=\"https:\/\/ia-education.be\/?page_id=1261\" \/>\n<meta property=\"og:locale\" content=\"fr_FR\" \/>\n<meta property=\"og:type\" content=\"article\" \/>\n<meta property=\"og:title\" content=\"Education aux m\u00e9dias - P\u00e9dagogie &amp; Intelligence artificielle\" \/>\n<meta property=\"og:url\" content=\"https:\/\/ia-education.be\/?page_id=1261\" \/>\n<meta property=\"og:site_name\" content=\"P\u00e9dagogie &amp; Intelligence artificielle\" \/>\n<meta property=\"article:modified_time\" content=\"2026-03-30T07:22:02+00:00\" \/>\n<meta name=\"twitter:card\" content=\"summary_large_image\" \/>\n<script type=\"application\/ld+json\" class=\"yoast-schema-graph\">{\"@context\":\"https:\\\/\\\/schema.org\",\"@graph\":[{\"@type\":\"WebPage\",\"@id\":\"https:\\\/\\\/ia-education.be\\\/?page_id=1261\",\"url\":\"https:\\\/\\\/ia-education.be\\\/?page_id=1261\",\"name\":\"Education aux m\u00e9dias - P\u00e9dagogie &amp; Intelligence artificielle\",\"isPartOf\":{\"@id\":\"https:\\\/\\\/ia-education.be\\\/#website\"},\"datePublished\":\"2026-01-19T17:50:15+00:00\",\"dateModified\":\"2026-03-30T07:22:02+00:00\",\"breadcrumb\":{\"@id\":\"https:\\\/\\\/ia-education.be\\\/?page_id=1261#breadcrumb\"},\"inLanguage\":\"fr-BE\",\"potentialAction\":[{\"@type\":\"ReadAction\",\"target\":[\"https:\\\/\\\/ia-education.be\\\/?page_id=1261\"]}]},{\"@type\":\"BreadcrumbList\",\"@id\":\"https:\\\/\\\/ia-education.be\\\/?page_id=1261#breadcrumb\",\"itemListElement\":[{\"@type\":\"ListItem\",\"position\":1,\"name\":\"Accueil\",\"item\":\"https:\\\/\\\/ia-education.be\\\/\"},{\"@type\":\"ListItem\",\"position\":2,\"name\":\"Impl\u00e9mentation\",\"item\":\"https:\\\/\\\/ia-education.be\\\/?page_id=1256\"},{\"@type\":\"ListItem\",\"position\":3,\"name\":\"Education aux m\u00e9dias\"}]},{\"@type\":\"WebSite\",\"@id\":\"https:\\\/\\\/ia-education.be\\\/#website\",\"url\":\"https:\\\/\\\/ia-education.be\\\/\",\"name\":\"P\u00e9dagogie &amp; Intelligence artificielle\",\"description\":\"Apprendre avec efficience\",\"potentialAction\":[{\"@type\":\"SearchAction\",\"target\":{\"@type\":\"EntryPoint\",\"urlTemplate\":\"https:\\\/\\\/ia-education.be\\\/?s={search_term_string}\"},\"query-input\":{\"@type\":\"PropertyValueSpecification\",\"valueRequired\":true,\"valueName\":\"search_term_string\"}}],\"inLanguage\":\"fr-BE\"}]}<\/script>\n<!-- \/ Yoast SEO plugin. -->","yoast_head_json":{"title":"Education aux m\u00e9dias - P\u00e9dagogie &amp; Intelligence artificielle","robots":{"index":"index","follow":"follow","max-snippet":"max-snippet:-1","max-image-preview":"max-image-preview:large","max-video-preview":"max-video-preview:-1"},"canonical":"https:\/\/ia-education.be\/?page_id=1261","og_locale":"fr_FR","og_type":"article","og_title":"Education aux m\u00e9dias - P\u00e9dagogie &amp; Intelligence artificielle","og_url":"https:\/\/ia-education.be\/?page_id=1261","og_site_name":"P\u00e9dagogie &amp; Intelligence artificielle","article_modified_time":"2026-03-30T07:22:02+00:00","twitter_card":"summary_large_image","schema":{"@context":"https:\/\/schema.org","@graph":[{"@type":"WebPage","@id":"https:\/\/ia-education.be\/?page_id=1261","url":"https:\/\/ia-education.be\/?page_id=1261","name":"Education aux m\u00e9dias - P\u00e9dagogie &amp; Intelligence artificielle","isPartOf":{"@id":"https:\/\/ia-education.be\/#website"},"datePublished":"2026-01-19T17:50:15+00:00","dateModified":"2026-03-30T07:22:02+00:00","breadcrumb":{"@id":"https:\/\/ia-education.be\/?page_id=1261#breadcrumb"},"inLanguage":"fr-BE","potentialAction":[{"@type":"ReadAction","target":["https:\/\/ia-education.be\/?page_id=1261"]}]},{"@type":"BreadcrumbList","@id":"https:\/\/ia-education.be\/?page_id=1261#breadcrumb","itemListElement":[{"@type":"ListItem","position":1,"name":"Accueil","item":"https:\/\/ia-education.be\/"},{"@type":"ListItem","position":2,"name":"Impl\u00e9mentation","item":"https:\/\/ia-education.be\/?page_id=1256"},{"@type":"ListItem","position":3,"name":"Education aux m\u00e9dias"}]},{"@type":"WebSite","@id":"https:\/\/ia-education.be\/#website","url":"https:\/\/ia-education.be\/","name":"P\u00e9dagogie &amp; Intelligence artificielle","description":"Apprendre avec efficience","potentialAction":[{"@type":"SearchAction","target":{"@type":"EntryPoint","urlTemplate":"https:\/\/ia-education.be\/?s={search_term_string}"},"query-input":{"@type":"PropertyValueSpecification","valueRequired":true,"valueName":"search_term_string"}}],"inLanguage":"fr-BE"}]}},"_links":{"self":[{"href":"https:\/\/ia-education.be\/index.php?rest_route=\/wp\/v2\/pages\/1261","targetHints":{"allow":["GET"]}}],"collection":[{"href":"https:\/\/ia-education.be\/index.php?rest_route=\/wp\/v2\/pages"}],"about":[{"href":"https:\/\/ia-education.be\/index.php?rest_route=\/wp\/v2\/types\/page"}],"author":[{"embeddable":true,"href":"https:\/\/ia-education.be\/index.php?rest_route=\/wp\/v2\/users\/1"}],"replies":[{"embeddable":true,"href":"https:\/\/ia-education.be\/index.php?rest_route=%2Fwp%2Fv2%2Fcomments&post=1261"}],"version-history":[{"count":10,"href":"https:\/\/ia-education.be\/index.php?rest_route=\/wp\/v2\/pages\/1261\/revisions"}],"predecessor-version":[{"id":2864,"href":"https:\/\/ia-education.be\/index.php?rest_route=\/wp\/v2\/pages\/1261\/revisions\/2864"}],"up":[{"embeddable":true,"href":"https:\/\/ia-education.be\/index.php?rest_route=\/wp\/v2\/pages\/1256"}],"wp:attachment":[{"href":"https:\/\/ia-education.be\/index.php?rest_route=%2Fwp%2Fv2%2Fmedia&parent=1261"}],"curies":[{"name":"wp","href":"https:\/\/api.w.org\/{rel}","templated":true}]}}