{"id":14,"date":"2025-11-24T12:17:48","date_gmt":"2025-11-24T12:17:48","guid":{"rendered":"http:\/\/ia-education.be\/?page_id=14"},"modified":"2026-02-23T15:17:36","modified_gmt":"2026-02-23T15:17:36","slug":"formations","status":"publish","type":"page","link":"https:\/\/ia-education.be\/?page_id=14","title":{"rendered":"Formations &#038; Consultance"},"content":{"rendered":"<p><div class=\"fusion-fullwidth fullwidth-box fusion-builder-row-1 fusion-flex-container has-pattern-background has-mask-background nonhundred-percent-fullwidth non-hundred-percent-height-scrolling\" style=\"--awb-border-radius-top-left:0px;--awb-border-radius-top-right:0px;--awb-border-radius-bottom-right:0px;--awb-border-radius-bottom-left:0px;--awb-background-color:#5078a0;--awb-flex-wrap:wrap;\" ><div class=\"fusion-builder-row fusion-row fusion-flex-align-items-flex-start fusion-flex-content-wrap\" style=\"max-width:1248px;margin-left: calc(-4% \/ 2 );margin-right: calc(-4% \/ 2 );\"><div class=\"fusion-layout-column fusion_builder_column fusion-builder-column-0 fusion_builder_column_1_1 1_1 fusion-flex-column\" style=\"--awb-bg-size:cover;--awb-width-large:100%;--awb-margin-top-large:0px;--awb-spacing-right-large:1.92%;--awb-margin-bottom-large:20px;--awb-spacing-left-large:1.92%;--awb-width-medium:100%;--awb-order-medium:0;--awb-spacing-right-medium:1.92%;--awb-spacing-left-medium:1.92%;--awb-width-small:100%;--awb-order-small:0;--awb-spacing-right-small:1.92%;--awb-spacing-left-small:1.92%;\"><div class=\"fusion-column-wrapper fusion-column-has-shadow fusion-flex-justify-content-flex-start fusion-content-layout-column\"><div class=\"fusion-title title fusion-title-1 fusion-sep-none fusion-title-text fusion-title-size-one\" style=\"--awb-text-color:#ffffff;--awb-margin-top-small:10px;--awb-margin-right-small:0px;--awb-margin-bottom-small:10px;--awb-margin-left-small:0px;\"><h1 class=\"fusion-title-heading title-heading-left fusion-responsive-typography-calculated\" style=\"margin:0;--fontSize:64;line-height:var(--awb-typography1-line-height);\">Formations et consultance<\/h1><\/div><\/div><\/div><\/div><\/div><div class=\"fusion-fullwidth fullwidth-box fusion-builder-row-2 fusion-flex-container has-pattern-background has-mask-background nonhundred-percent-fullwidth non-hundred-percent-height-scrolling\" style=\"--awb-border-radius-top-left:0px;--awb-border-radius-top-right:0px;--awb-border-radius-bottom-right:0px;--awb-border-radius-bottom-left:0px;--awb-flex-wrap:wrap;\" ><div class=\"fusion-builder-row fusion-row fusion-flex-align-items-flex-start fusion-flex-content-wrap\" style=\"max-width:1248px;margin-left: calc(-4% \/ 2 );margin-right: calc(-4% \/ 2 );\"><div class=\"fusion-layout-column fusion_builder_column fusion-builder-column-1 fusion_builder_column_1_1 1_1 fusion-flex-column\" style=\"--awb-bg-size:cover;--awb-width-large:100%;--awb-margin-top-large:0px;--awb-spacing-right-large:1.92%;--awb-margin-bottom-large:20px;--awb-spacing-left-large:1.92%;--awb-width-medium:100%;--awb-order-medium:0;--awb-spacing-right-medium:1.92%;--awb-spacing-left-medium:1.92%;--awb-width-small:100%;--awb-order-small:0;--awb-spacing-right-small:1.92%;--awb-spacing-left-small:1.92%;\"><div class=\"fusion-column-wrapper fusion-column-has-shadow fusion-flex-justify-content-flex-start fusion-content-layout-column\"><\/div><\/div><\/div><\/div><div class=\"fusion-fullwidth fullwidth-box fusion-builder-row-3 fusion-flex-container has-pattern-background has-mask-background nonhundred-percent-fullwidth non-hundred-percent-height-scrolling\" style=\"--awb-border-radius-top-left:0px;--awb-border-radius-top-right:0px;--awb-border-radius-bottom-right:0px;--awb-border-radius-bottom-left:0px;--awb-flex-wrap:wrap;\" ><div class=\"fusion-builder-row fusion-row fusion-flex-align-items-flex-start fusion-flex-content-wrap\" style=\"max-width:1248px;margin-left: calc(-4% \/ 2 );margin-right: calc(-4% \/ 2 );\"><div class=\"fusion-layout-column fusion_builder_column fusion-builder-column-2 fusion_builder_column_1_6 1_6 fusion-flex-column\" style=\"--awb-bg-size:cover;--awb-width-large:16.666666666667%;--awb-margin-top-large:0px;--awb-spacing-right-large:11.52%;--awb-margin-bottom-large:20px;--awb-spacing-left-large:11.52%;--awb-width-medium:16.666666666667%;--awb-order-medium:0;--awb-spacing-right-medium:11.52%;--awb-spacing-left-medium:11.52%;--awb-width-small:100%;--awb-order-small:0;--awb-spacing-right-small:1.92%;--awb-spacing-left-small:1.92%;\"><div class=\"fusion-column-wrapper fusion-column-has-shadow fusion-flex-justify-content-flex-start fusion-content-layout-column\"><div class=\"fusion-image-element \" style=\"--awb-caption-title-font-family:var(--h2_typography-font-family);--awb-caption-title-font-weight:var(--h2_typography-font-weight);--awb-caption-title-font-style:var(--h2_typography-font-style);--awb-caption-title-size:var(--h2_typography-font-size);--awb-caption-title-transform:var(--h2_typography-text-transform);--awb-caption-title-line-height:var(--h2_typography-line-height);--awb-caption-title-letter-spacing:var(--h2_typography-letter-spacing);\"><span class=\" fusion-imageframe imageframe-none imageframe-1 hover-type-none\"><img decoding=\"async\" width=\"832\" height=\"543\" title=\"ChatGPT Image 22 f\u00e9vr. 2026, 15_19_09\" src=\"https:\/\/ia-education.be\/wp-content\/uploads\/2026\/02\/ChatGPT-Image-22-fevr.-2026-15_19_09-e1771771242257.png\" alt class=\"img-responsive wp-image-2186\" srcset=\"https:\/\/ia-education.be\/wp-content\/uploads\/2026\/02\/ChatGPT-Image-22-fevr.-2026-15_19_09-e1771771242257-200x131.png 200w, https:\/\/ia-education.be\/wp-content\/uploads\/2026\/02\/ChatGPT-Image-22-fevr.-2026-15_19_09-e1771771242257-400x261.png 400w, https:\/\/ia-education.be\/wp-content\/uploads\/2026\/02\/ChatGPT-Image-22-fevr.-2026-15_19_09-e1771771242257-600x392.png 600w, https:\/\/ia-education.be\/wp-content\/uploads\/2026\/02\/ChatGPT-Image-22-fevr.-2026-15_19_09-e1771771242257-800x522.png 800w, https:\/\/ia-education.be\/wp-content\/uploads\/2026\/02\/ChatGPT-Image-22-fevr.-2026-15_19_09-e1771771242257.png 832w\" sizes=\"(max-width: 640px) 100vw, 200px\" \/><\/span><\/div><\/div><\/div><div class=\"fusion-layout-column fusion_builder_column fusion-builder-column-3 fusion_builder_column_4_5 4_5 fusion-flex-column\" style=\"--awb-bg-size:cover;--awb-border-color:#5078a0;--awb-border-top:1px;--awb-border-right:1px;--awb-border-bottom:1px;--awb-border-left:1px;--awb-border-style:solid;--awb-width-large:80%;--awb-margin-top-large:0px;--awb-spacing-right-large:2.4%;--awb-margin-bottom-large:20px;--awb-spacing-left-large:2.4%;--awb-width-medium:80%;--awb-order-medium:0;--awb-spacing-right-medium:2.4%;--awb-spacing-left-medium:2.4%;--awb-width-small:100%;--awb-order-small:0;--awb-spacing-right-small:1.92%;--awb-spacing-left-small:1.92%;\"><div class=\"fusion-column-wrapper fusion-column-has-shadow fusion-flex-justify-content-flex-start fusion-content-layout-column\"><div class=\"fusion-text fusion-text-1\"><p>R\u00e9sum\u00e9<\/p>\n<\/div><\/div><\/div><\/div><\/div><div class=\"fusion-fullwidth fullwidth-box fusion-builder-row-4 fusion-flex-container has-pattern-background has-mask-background nonhundred-percent-fullwidth non-hundred-percent-height-scrolling\" style=\"--awb-border-radius-top-left:0px;--awb-border-radius-top-right:0px;--awb-border-radius-bottom-right:0px;--awb-border-radius-bottom-left:0px;--awb-flex-wrap:wrap;\" ><div class=\"fusion-builder-row fusion-row fusion-flex-align-items-flex-start fusion-flex-content-wrap\" style=\"max-width:1248px;margin-left: calc(-4% \/ 2 );margin-right: calc(-4% \/ 2 );\"><div class=\"fusion-layout-column fusion_builder_column fusion-builder-column-4 fusion_builder_column_1_2 1_2 fusion-flex-column\" style=\"--awb-bg-size:cover;--awb-width-large:50%;--awb-margin-top-large:0px;--awb-spacing-right-large:3.84%;--awb-margin-bottom-large:20px;--awb-spacing-left-large:3.84%;--awb-width-medium:50%;--awb-order-medium:0;--awb-spacing-right-medium:3.84%;--awb-spacing-left-medium:3.84%;--awb-width-small:100%;--awb-order-small:0;--awb-spacing-right-small:1.92%;--awb-spacing-left-small:1.92%;\"><div class=\"fusion-column-wrapper fusion-column-has-shadow fusion-flex-justify-content-flex-start fusion-content-layout-column\"><div class=\"fusion-text fusion-text-2\"><p>Formations d&rsquo;une journ\u00e9e<\/p>\n<\/div><div class=\"fusion-text fusion-text-3\"><p>D&rsquo;un cadre aux comp\u00e9tences  : \u00e9thique, \u00e9cologique, critiquer, raisonner.<\/p>\n<p>L&rsquo;IA et la diff\u00e9renciation  : en quoi l&rsquo;IA peut aider les \u00e9l\u00e8ves \u00e0 apprendre \u00e0 apprendre<\/p>\n<p>L&rsquo;\u00e9valuation autrement :  changer son regard et ses pratiques pour tenir compte des actions des \u00e9l\u00e8ves<\/p>\n<p>Gamifier et ludifier : un moyen de favoriser l&rsquo;apprentissage autrement<\/p><\/p>\n<\/div><\/div><\/div><div class=\"fusion-layout-column fusion_builder_column fusion-builder-column-5 fusion_builder_column_1_4 1_4 fusion-flex-column\" style=\"--awb-bg-size:cover;--awb-width-large:25%;--awb-margin-top-large:0px;--awb-spacing-right-large:7.68%;--awb-margin-bottom-large:20px;--awb-spacing-left-large:7.68%;--awb-width-medium:25%;--awb-order-medium:0;--awb-spacing-right-medium:7.68%;--awb-spacing-left-medium:7.68%;--awb-width-small:100%;--awb-order-small:0;--awb-spacing-right-small:1.92%;--awb-spacing-left-small:1.92%;\"><div class=\"fusion-column-wrapper fusion-column-has-shadow fusion-flex-justify-content-flex-start fusion-content-layout-column\"><div class=\"fusion-image-element \" style=\"--awb-caption-title-font-family:var(--h2_typography-font-family);--awb-caption-title-font-weight:var(--h2_typography-font-weight);--awb-caption-title-font-style:var(--h2_typography-font-style);--awb-caption-title-size:var(--h2_typography-font-size);--awb-caption-title-transform:var(--h2_typography-text-transform);--awb-caption-title-line-height:var(--h2_typography-line-height);--awb-caption-title-letter-spacing:var(--h2_typography-letter-spacing);\"><span class=\" fusion-imageframe imageframe-none imageframe-2 hover-type-none\"><img decoding=\"async\" width=\"1027\" height=\"1205\" title=\"prompt_bordure_foncee\" src=\"https:\/\/ia-education.be\/wp-content\/uploads\/2026\/02\/prompt_bordure_foncee-e1771322271818.png\" alt class=\"img-responsive wp-image-1764\" srcset=\"https:\/\/ia-education.be\/wp-content\/uploads\/2026\/02\/prompt_bordure_foncee-e1771322271818-200x235.png 200w, https:\/\/ia-education.be\/wp-content\/uploads\/2026\/02\/prompt_bordure_foncee-e1771322271818-400x469.png 400w, https:\/\/ia-education.be\/wp-content\/uploads\/2026\/02\/prompt_bordure_foncee-e1771322271818-600x704.png 600w, https:\/\/ia-education.be\/wp-content\/uploads\/2026\/02\/prompt_bordure_foncee-e1771322271818-800x939.png 800w, https:\/\/ia-education.be\/wp-content\/uploads\/2026\/02\/prompt_bordure_foncee-e1771322271818.png 1027w\" sizes=\"(max-width: 640px) 100vw, 400px\" \/><\/span><\/div><\/div><\/div><div class=\"fusion-layout-column fusion_builder_column fusion-builder-column-6 fusion_builder_column_1_4 1_4 fusion-flex-column\" style=\"--awb-bg-size:cover;--awb-width-large:25%;--awb-margin-top-large:0px;--awb-spacing-right-large:7.68%;--awb-margin-bottom-large:20px;--awb-spacing-left-large:7.68%;--awb-width-medium:25%;--awb-order-medium:0;--awb-spacing-right-medium:7.68%;--awb-spacing-left-medium:7.68%;--awb-width-small:100%;--awb-order-small:0;--awb-spacing-right-small:1.92%;--awb-spacing-left-small:1.92%;\"><div class=\"fusion-column-wrapper fusion-column-has-shadow fusion-flex-justify-content-flex-start fusion-content-layout-column\"><\/div><\/div><\/div><\/div><div class=\"fusion-fullwidth fullwidth-box fusion-builder-row-5 fusion-flex-container has-pattern-background has-mask-background nonhundred-percent-fullwidth non-hundred-percent-height-scrolling\" style=\"--awb-border-radius-top-left:0px;--awb-border-radius-top-right:0px;--awb-border-radius-bottom-right:0px;--awb-border-radius-bottom-left:0px;--awb-flex-wrap:wrap;\" ><div class=\"fusion-builder-row fusion-row fusion-flex-align-items-flex-start fusion-flex-content-wrap\" style=\"max-width:1248px;margin-left: calc(-4% \/ 2 );margin-right: calc(-4% \/ 2 );\"><div class=\"fusion-layout-column fusion_builder_column fusion-builder-column-7 fusion_builder_column_1_2 1_2 fusion-flex-column\" style=\"--awb-bg-size:cover;--awb-width-large:50%;--awb-margin-top-large:0px;--awb-spacing-right-large:3.84%;--awb-margin-bottom-large:20px;--awb-spacing-left-large:3.84%;--awb-width-medium:50%;--awb-order-medium:0;--awb-spacing-right-medium:3.84%;--awb-spacing-left-medium:3.84%;--awb-width-small:100%;--awb-order-small:0;--awb-spacing-right-small:1.92%;--awb-spacing-left-small:1.92%;\"><div class=\"fusion-column-wrapper fusion-column-has-shadow fusion-flex-justify-content-flex-start fusion-content-layout-column\"><\/div><\/div><div class=\"fusion-layout-column fusion_builder_column fusion-builder-column-8 fusion_builder_column_1_2 1_2 fusion-flex-column\" style=\"--awb-bg-size:cover;--awb-width-large:50%;--awb-margin-top-large:0px;--awb-spacing-right-large:3.84%;--awb-margin-bottom-large:20px;--awb-spacing-left-large:3.84%;--awb-width-medium:50%;--awb-order-medium:0;--awb-spacing-right-medium:3.84%;--awb-spacing-left-medium:3.84%;--awb-width-small:100%;--awb-order-small:0;--awb-spacing-right-small:1.92%;--awb-spacing-left-small:1.92%;\"><div class=\"fusion-column-wrapper fusion-column-has-shadow fusion-flex-justify-content-flex-start fusion-content-layout-column\"><div class=\"fusion-text fusion-text-4\"><p><b>Consultance<\/b><\/p>\n<\/div><div class=\"fusion-text fusion-text-5\"><p>Accompagnement des directions pour : <\/p>\n<p>d\u00e9finir le positionnementde l&rsquo;\u00e9tablissement et de l&rsquo;\u00e9quipe \u00e9dicative par rapport \u00e0 l&rsquo;IA<\/p>\n<p>faciliter la mise en place d&rsquo;une ou plusieurs chartes (ROI &#8211; Enseignants &#8211; El\u00e8ves)<\/p>\n<p>Mise en place d&rsquo;un plan de formation <span style=\"letter-spacing: 0.24px; background-color: rgba(0, 0, 0, 0);\">pour les enseignants en limitant la perte d&rsquo;heures de cours<\/span><\/p>\n<p>Accompagner l&rsquo;\u00e9cole pour la formation des \u00e9l\u00e8ves \u00e0 l&rsquo;IA<\/p>\n<\/div><\/div><\/div><\/div><\/div><\/p>\n","protected":false},"excerpt":{"rendered":"","protected":false},"author":1,"featured_media":0,"parent":1256,"menu_order":0,"comment_status":"closed","ping_status":"closed","template":"100-width.php","meta":{"footnotes":""},"class_list":["post-14","page","type-page","status-publish","hentry"],"yoast_head":"<!-- This site is optimized with the Yoast SEO plugin v27.4 - https:\/\/yoast.com\/product\/yoast-seo-wordpress\/ -->\n<title>Formations &amp; Consultance - P\u00e9dagogie &amp; Intelligence artificielle<\/title>\n<meta name=\"robots\" content=\"index, follow, max-snippet:-1, max-image-preview:large, max-video-preview:-1\" \/>\n<link rel=\"canonical\" href=\"https:\/\/ia-education.be\/?page_id=14\" \/>\n<meta property=\"og:locale\" content=\"fr_FR\" \/>\n<meta property=\"og:type\" content=\"article\" \/>\n<meta property=\"og:title\" content=\"Formations &amp; Consultance - P\u00e9dagogie &amp; Intelligence artificielle\" \/>\n<meta property=\"og:url\" content=\"https:\/\/ia-education.be\/?page_id=14\" \/>\n<meta property=\"og:site_name\" content=\"P\u00e9dagogie &amp; Intelligence artificielle\" \/>\n<meta property=\"article:modified_time\" content=\"2026-02-23T15:17:36+00:00\" \/>\n<meta name=\"twitter:card\" content=\"summary_large_image\" \/>\n<script type=\"application\/ld+json\" class=\"yoast-schema-graph\">{\"@context\":\"https:\\\/\\\/schema.org\",\"@graph\":[{\"@type\":\"WebPage\",\"@id\":\"https:\\\/\\\/ia-education.be\\\/?page_id=14\",\"url\":\"https:\\\/\\\/ia-education.be\\\/?page_id=14\",\"name\":\"Formations & Consultance - P\u00e9dagogie &amp; Intelligence artificielle\",\"isPartOf\":{\"@id\":\"https:\\\/\\\/ia-education.be\\\/#website\"},\"datePublished\":\"2025-11-24T12:17:48+00:00\",\"dateModified\":\"2026-02-23T15:17:36+00:00\",\"breadcrumb\":{\"@id\":\"https:\\\/\\\/ia-education.be\\\/?page_id=14#breadcrumb\"},\"inLanguage\":\"fr-BE\",\"potentialAction\":[{\"@type\":\"ReadAction\",\"target\":[\"https:\\\/\\\/ia-education.be\\\/?page_id=14\"]}]},{\"@type\":\"BreadcrumbList\",\"@id\":\"https:\\\/\\\/ia-education.be\\\/?page_id=14#breadcrumb\",\"itemListElement\":[{\"@type\":\"ListItem\",\"position\":1,\"name\":\"Accueil\",\"item\":\"https:\\\/\\\/ia-education.be\\\/\"},{\"@type\":\"ListItem\",\"position\":2,\"name\":\"Impl\u00e9mentation\",\"item\":\"https:\\\/\\\/ia-education.be\\\/?page_id=1256\"},{\"@type\":\"ListItem\",\"position\":3,\"name\":\"Formations &#038; Consultance\"}]},{\"@type\":\"WebSite\",\"@id\":\"https:\\\/\\\/ia-education.be\\\/#website\",\"url\":\"https:\\\/\\\/ia-education.be\\\/\",\"name\":\"P\u00e9dagogie &amp; Intelligence artificielle\",\"description\":\"Apprendre avec efficience\",\"potentialAction\":[{\"@type\":\"SearchAction\",\"target\":{\"@type\":\"EntryPoint\",\"urlTemplate\":\"https:\\\/\\\/ia-education.be\\\/?s={search_term_string}\"},\"query-input\":{\"@type\":\"PropertyValueSpecification\",\"valueRequired\":true,\"valueName\":\"search_term_string\"}}],\"inLanguage\":\"fr-BE\"}]}<\/script>\n<!-- \/ Yoast SEO plugin. -->","yoast_head_json":{"title":"Formations & Consultance - P\u00e9dagogie &amp; Intelligence artificielle","robots":{"index":"index","follow":"follow","max-snippet":"max-snippet:-1","max-image-preview":"max-image-preview:large","max-video-preview":"max-video-preview:-1"},"canonical":"https:\/\/ia-education.be\/?page_id=14","og_locale":"fr_FR","og_type":"article","og_title":"Formations & Consultance - P\u00e9dagogie &amp; Intelligence artificielle","og_url":"https:\/\/ia-education.be\/?page_id=14","og_site_name":"P\u00e9dagogie &amp; Intelligence artificielle","article_modified_time":"2026-02-23T15:17:36+00:00","twitter_card":"summary_large_image","schema":{"@context":"https:\/\/schema.org","@graph":[{"@type":"WebPage","@id":"https:\/\/ia-education.be\/?page_id=14","url":"https:\/\/ia-education.be\/?page_id=14","name":"Formations & Consultance - P\u00e9dagogie &amp; Intelligence artificielle","isPartOf":{"@id":"https:\/\/ia-education.be\/#website"},"datePublished":"2025-11-24T12:17:48+00:00","dateModified":"2026-02-23T15:17:36+00:00","breadcrumb":{"@id":"https:\/\/ia-education.be\/?page_id=14#breadcrumb"},"inLanguage":"fr-BE","potentialAction":[{"@type":"ReadAction","target":["https:\/\/ia-education.be\/?page_id=14"]}]},{"@type":"BreadcrumbList","@id":"https:\/\/ia-education.be\/?page_id=14#breadcrumb","itemListElement":[{"@type":"ListItem","position":1,"name":"Accueil","item":"https:\/\/ia-education.be\/"},{"@type":"ListItem","position":2,"name":"Impl\u00e9mentation","item":"https:\/\/ia-education.be\/?page_id=1256"},{"@type":"ListItem","position":3,"name":"Formations &#038; Consultance"}]},{"@type":"WebSite","@id":"https:\/\/ia-education.be\/#website","url":"https:\/\/ia-education.be\/","name":"P\u00e9dagogie &amp; Intelligence artificielle","description":"Apprendre avec efficience","potentialAction":[{"@type":"SearchAction","target":{"@type":"EntryPoint","urlTemplate":"https:\/\/ia-education.be\/?s={search_term_string}"},"query-input":{"@type":"PropertyValueSpecification","valueRequired":true,"valueName":"search_term_string"}}],"inLanguage":"fr-BE"}]}},"_links":{"self":[{"href":"https:\/\/ia-education.be\/index.php?rest_route=\/wp\/v2\/pages\/14","targetHints":{"allow":["GET"]}}],"collection":[{"href":"https:\/\/ia-education.be\/index.php?rest_route=\/wp\/v2\/pages"}],"about":[{"href":"https:\/\/ia-education.be\/index.php?rest_route=\/wp\/v2\/types\/page"}],"author":[{"embeddable":true,"href":"https:\/\/ia-education.be\/index.php?rest_route=\/wp\/v2\/users\/1"}],"replies":[{"embeddable":true,"href":"https:\/\/ia-education.be\/index.php?rest_route=%2Fwp%2Fv2%2Fcomments&post=14"}],"version-history":[{"count":9,"href":"https:\/\/ia-education.be\/index.php?rest_route=\/wp\/v2\/pages\/14\/revisions"}],"predecessor-version":[{"id":2346,"href":"https:\/\/ia-education.be\/index.php?rest_route=\/wp\/v2\/pages\/14\/revisions\/2346"}],"up":[{"embeddable":true,"href":"https:\/\/ia-education.be\/index.php?rest_route=\/wp\/v2\/pages\/1256"}],"wp:attachment":[{"href":"https:\/\/ia-education.be\/index.php?rest_route=%2Fwp%2Fv2%2Fmedia&parent=14"}],"curies":[{"name":"wp","href":"https:\/\/api.w.org\/{rel}","templated":true}]}}