{"id":1542,"date":"2026-02-06T10:44:25","date_gmt":"2026-02-06T10:44:25","guid":{"rendered":"https:\/\/ia-education.be\/?page_id=1542"},"modified":"2026-02-23T14:10:52","modified_gmt":"2026-02-23T14:10:52","slug":"openbadges","status":"publish","type":"page","link":"https:\/\/ia-education.be\/?page_id=1542","title":{"rendered":"Openbadges"},"content":{"rendered":"<p><div class=\"fusion-fullwidth fullwidth-box fusion-builder-row-1 fusion-flex-container has-pattern-background has-mask-background nonhundred-percent-fullwidth non-hundred-percent-height-scrolling\" style=\"--awb-border-radius-top-left:0px;--awb-border-radius-top-right:0px;--awb-border-radius-bottom-right:0px;--awb-border-radius-bottom-left:0px;--awb-background-color:#5078a0;--awb-flex-wrap:wrap;\" ><div class=\"fusion-builder-row fusion-row fusion-flex-align-items-flex-start fusion-flex-content-wrap\" style=\"max-width:1248px;margin-left: calc(-4% \/ 2 );margin-right: calc(-4% \/ 2 );\"><div class=\"fusion-layout-column fusion_builder_column fusion-builder-column-0 fusion_builder_column_1_1 1_1 fusion-flex-column\" style=\"--awb-bg-size:cover;--awb-width-large:100%;--awb-margin-top-large:0px;--awb-spacing-right-large:1.92%;--awb-margin-bottom-large:20px;--awb-spacing-left-large:1.92%;--awb-width-medium:100%;--awb-order-medium:0;--awb-spacing-right-medium:1.92%;--awb-spacing-left-medium:1.92%;--awb-width-small:100%;--awb-order-small:0;--awb-spacing-right-small:1.92%;--awb-spacing-left-small:1.92%;\"><div class=\"fusion-column-wrapper fusion-column-has-shadow fusion-flex-justify-content-flex-start fusion-content-layout-column\"><div class=\"fusion-title title fusion-title-1 fusion-sep-none fusion-title-text fusion-title-size-one\" style=\"--awb-text-color:#ffffff;--awb-margin-top-small:10px;--awb-margin-right-small:0px;--awb-margin-bottom-small:10px;--awb-margin-left-small:0px;\"><h1 class=\"fusion-title-heading title-heading-left fusion-responsive-typography-calculated\" style=\"margin:0;--fontSize:64;line-height:var(--awb-typography1-line-height);\">Openbadges<\/h1><\/div><\/div><\/div><\/div><\/div><div class=\"fusion-fullwidth fullwidth-box fusion-builder-row-2 fusion-flex-container has-pattern-background has-mask-background nonhundred-percent-fullwidth non-hundred-percent-height-scrolling\" style=\"--awb-border-radius-top-left:0px;--awb-border-radius-top-right:0px;--awb-border-radius-bottom-right:0px;--awb-border-radius-bottom-left:0px;--awb-flex-wrap:wrap;\" ><div class=\"fusion-builder-row fusion-row fusion-flex-align-items-flex-start fusion-flex-content-wrap\" style=\"max-width:1248px;margin-left: calc(-4% \/ 2 );margin-right: calc(-4% \/ 2 );\"><div class=\"fusion-layout-column fusion_builder_column fusion-builder-column-1 fusion_builder_column_1_1 1_1 fusion-flex-column\" style=\"--awb-bg-size:cover;--awb-width-large:100%;--awb-margin-top-large:0px;--awb-spacing-right-large:1.92%;--awb-margin-bottom-large:20px;--awb-spacing-left-large:1.92%;--awb-width-medium:100%;--awb-order-medium:0;--awb-spacing-right-medium:1.92%;--awb-spacing-left-medium:1.92%;--awb-width-small:100%;--awb-order-small:0;--awb-spacing-right-small:1.92%;--awb-spacing-left-small:1.92%;\"><div class=\"fusion-column-wrapper fusion-column-has-shadow fusion-flex-justify-content-flex-start fusion-content-layout-column\"><\/div><\/div><\/div><\/div><div class=\"fusion-fullwidth fullwidth-box fusion-builder-row-3 fusion-flex-container has-pattern-background has-mask-background nonhundred-percent-fullwidth non-hundred-percent-height-scrolling\" style=\"--awb-border-radius-top-left:0px;--awb-border-radius-top-right:0px;--awb-border-radius-bottom-right:0px;--awb-border-radius-bottom-left:0px;--awb-flex-wrap:wrap;\" ><div class=\"fusion-builder-row fusion-row fusion-flex-align-items-flex-start fusion-flex-content-wrap\" style=\"max-width:1248px;margin-left: calc(-4% \/ 2 );margin-right: calc(-4% \/ 2 );\"><div class=\"fusion-layout-column fusion_builder_column fusion-builder-column-2 fusion_builder_column_1_6 1_6 fusion-flex-column\" style=\"--awb-bg-size:cover;--awb-width-large:16.666666666667%;--awb-margin-top-large:0px;--awb-spacing-right-large:11.52%;--awb-margin-bottom-large:20px;--awb-spacing-left-large:11.52%;--awb-width-medium:16.666666666667%;--awb-order-medium:0;--awb-spacing-right-medium:11.52%;--awb-spacing-left-medium:11.52%;--awb-width-small:100%;--awb-order-small:0;--awb-spacing-right-small:1.92%;--awb-spacing-left-small:1.92%;\"><div class=\"fusion-column-wrapper fusion-column-has-shadow fusion-flex-justify-content-flex-start fusion-content-layout-column\"><div class=\"fusion-image-element \" style=\"--awb-caption-title-font-family:var(--h2_typography-font-family);--awb-caption-title-font-weight:var(--h2_typography-font-weight);--awb-caption-title-font-style:var(--h2_typography-font-style);--awb-caption-title-size:var(--h2_typography-font-size);--awb-caption-title-transform:var(--h2_typography-text-transform);--awb-caption-title-line-height:var(--h2_typography-line-height);--awb-caption-title-letter-spacing:var(--h2_typography-letter-spacing);\"><span class=\" fusion-imageframe imageframe-none imageframe-1 hover-type-none\"><img decoding=\"async\" width=\"832\" height=\"543\" title=\"ChatGPT Image 22 f\u00e9vr. 2026, 15_19_09\" src=\"https:\/\/ia-education.be\/wp-content\/uploads\/2026\/02\/ChatGPT-Image-22-fevr.-2026-15_19_09-e1771771242257.png\" alt class=\"img-responsive wp-image-2186\" srcset=\"https:\/\/ia-education.be\/wp-content\/uploads\/2026\/02\/ChatGPT-Image-22-fevr.-2026-15_19_09-e1771771242257-200x131.png 200w, https:\/\/ia-education.be\/wp-content\/uploads\/2026\/02\/ChatGPT-Image-22-fevr.-2026-15_19_09-e1771771242257-400x261.png 400w, https:\/\/ia-education.be\/wp-content\/uploads\/2026\/02\/ChatGPT-Image-22-fevr.-2026-15_19_09-e1771771242257-600x392.png 600w, https:\/\/ia-education.be\/wp-content\/uploads\/2026\/02\/ChatGPT-Image-22-fevr.-2026-15_19_09-e1771771242257-800x522.png 800w, https:\/\/ia-education.be\/wp-content\/uploads\/2026\/02\/ChatGPT-Image-22-fevr.-2026-15_19_09-e1771771242257.png 832w\" sizes=\"(max-width: 640px) 100vw, 200px\" \/><\/span><\/div><\/div><\/div><div class=\"fusion-layout-column fusion_builder_column fusion-builder-column-3 fusion_builder_column_4_5 4_5 fusion-flex-column\" style=\"--awb-bg-size:cover;--awb-border-color:#5078a0;--awb-border-top:1px;--awb-border-right:1px;--awb-border-bottom:1px;--awb-border-left:1px;--awb-border-style:solid;--awb-width-large:80%;--awb-margin-top-large:0px;--awb-spacing-right-large:2.4%;--awb-margin-bottom-large:20px;--awb-spacing-left-large:2.4%;--awb-width-medium:80%;--awb-order-medium:0;--awb-spacing-right-medium:2.4%;--awb-spacing-left-medium:2.4%;--awb-width-small:100%;--awb-order-small:0;--awb-spacing-right-small:1.92%;--awb-spacing-left-small:1.92%;\"><div class=\"fusion-column-wrapper fusion-column-has-shadow fusion-flex-justify-content-flex-start fusion-content-layout-column\"><div class=\"fusion-text fusion-text-1\"><p><b>R\u00e9sum\u00e9<\/b><\/p>\n<\/div><\/div><\/div><\/div><\/div><div class=\"fusion-fullwidth fullwidth-box fusion-builder-row-4 fusion-flex-container has-pattern-background has-mask-background nonhundred-percent-fullwidth non-hundred-percent-height-scrolling\" style=\"--awb-border-radius-top-left:0px;--awb-border-radius-top-right:0px;--awb-border-radius-bottom-right:0px;--awb-border-radius-bottom-left:0px;--awb-flex-wrap:wrap;\" ><div class=\"fusion-builder-row fusion-row fusion-flex-align-items-flex-start fusion-flex-content-wrap\" style=\"max-width:1248px;margin-left: calc(-4% \/ 2 );margin-right: calc(-4% \/ 2 );\"><div class=\"fusion-layout-column fusion_builder_column fusion-builder-column-4 fusion_builder_column_1_1 1_1 fusion-flex-column\" style=\"--awb-bg-size:cover;--awb-width-large:100%;--awb-margin-top-large:0px;--awb-spacing-right-large:1.92%;--awb-margin-bottom-large:20px;--awb-spacing-left-large:1.92%;--awb-width-medium:100%;--awb-order-medium:0;--awb-spacing-right-medium:1.92%;--awb-spacing-left-medium:1.92%;--awb-width-small:100%;--awb-order-small:0;--awb-spacing-right-small:1.92%;--awb-spacing-left-small:1.92%;\"><div class=\"fusion-column-wrapper fusion-column-has-shadow fusion-flex-justify-content-flex-start fusion-content-layout-column\"><\/div><\/div><\/div><\/div><div class=\"fusion-fullwidth fullwidth-box fusion-builder-row-5 fusion-flex-container has-pattern-background has-mask-background nonhundred-percent-fullwidth non-hundred-percent-height-scrolling\" style=\"--awb-border-radius-top-left:0px;--awb-border-radius-top-right:0px;--awb-border-radius-bottom-right:0px;--awb-border-radius-bottom-left:0px;--awb-flex-wrap:wrap;\" ><div class=\"fusion-builder-row fusion-row fusion-flex-align-items-flex-start fusion-flex-content-wrap\" style=\"max-width:1248px;margin-left: calc(-4% \/ 2 );margin-right: calc(-4% \/ 2 );\"><div class=\"fusion-layout-column fusion_builder_column fusion-builder-column-5 fusion_builder_column_1_1 1_1 fusion-flex-column\" style=\"--awb-bg-size:cover;--awb-width-large:100%;--awb-margin-top-large:0px;--awb-spacing-right-large:1.92%;--awb-margin-bottom-large:20px;--awb-spacing-left-large:1.92%;--awb-width-medium:100%;--awb-order-medium:0;--awb-spacing-right-medium:1.92%;--awb-spacing-left-medium:1.92%;--awb-width-small:100%;--awb-order-small:0;--awb-spacing-right-small:1.92%;--awb-spacing-left-small:1.92%;\"><div class=\"fusion-column-wrapper fusion-column-has-shadow fusion-flex-justify-content-flex-start fusion-content-layout-column\"><div class=\"fusion-text fusion-text-2\"><p>Les open badges sont des badges num\u00e9riques qui servent \u00e0 reconna\u00eetre et valoriser des comp\u00e9tences. <span style=\"letter-spacing: 0.24px; background-color: rgba(0, 0, 0, 0);\">Ils ne r\u00e9compensent pas seulement une note, mais ce que la personne sait faire r\u00e9ellement. <\/span><span style=\"letter-spacing: 0.24px; background-color: rgba(0, 0, 0, 0);\">Chaque badge contient des informations claires : qui l\u2019a d\u00e9livr\u00e9, pour quelle comp\u00e9tence et selon quels crit\u00e8res.<\/span><\/p>\n<\/div><\/div><\/div><\/div><\/div><div class=\"fusion-fullwidth fullwidth-box fusion-builder-row-6 fusion-flex-container has-pattern-background has-mask-background nonhundred-percent-fullwidth non-hundred-percent-height-scrolling\" style=\"--awb-border-radius-top-left:0px;--awb-border-radius-top-right:0px;--awb-border-radius-bottom-right:0px;--awb-border-radius-bottom-left:0px;--awb-flex-wrap:wrap;\" ><div class=\"fusion-builder-row fusion-row fusion-flex-align-items-flex-start fusion-flex-content-wrap\" style=\"max-width:1248px;margin-left: calc(-4% \/ 2 );margin-right: calc(-4% \/ 2 );\"><div class=\"fusion-layout-column fusion_builder_column fusion-builder-column-6 fusion_builder_column_1_1 1_1 fusion-flex-column\" style=\"--awb-bg-size:cover;--awb-width-large:100%;--awb-margin-top-large:0px;--awb-spacing-right-large:1.92%;--awb-margin-bottom-large:20px;--awb-spacing-left-large:1.92%;--awb-width-medium:100%;--awb-order-medium:0;--awb-spacing-right-medium:1.92%;--awb-spacing-left-medium:1.92%;--awb-width-small:100%;--awb-order-small:0;--awb-spacing-right-small:1.92%;--awb-spacing-left-small:1.92%;\"><div class=\"fusion-column-wrapper fusion-column-has-shadow fusion-flex-justify-content-flex-start fusion-content-layout-column\"><div class=\"fusion-text fusion-text-3\"><p>Source : https:\/\/openbadgefactory.com\/fr\/a-propos-des-open-badges\/<\/p>\n<\/div><\/div><\/div><\/div><\/div><div class=\"fusion-fullwidth fullwidth-box fusion-builder-row-7 fusion-flex-container has-pattern-background has-mask-background nonhundred-percent-fullwidth non-hundred-percent-height-scrolling\" style=\"--awb-border-radius-top-left:0px;--awb-border-radius-top-right:0px;--awb-border-radius-bottom-right:0px;--awb-border-radius-bottom-left:0px;--awb-flex-wrap:wrap;\" ><div class=\"fusion-builder-row fusion-row fusion-flex-align-items-flex-start fusion-flex-content-wrap\" style=\"max-width:1248px;margin-left: calc(-4% \/ 2 );margin-right: calc(-4% \/ 2 );\"><div class=\"fusion-layout-column fusion_builder_column fusion-builder-column-7 fusion_builder_column_1_1 1_1 fusion-flex-column\" style=\"--awb-bg-size:cover;--awb-width-large:100%;--awb-margin-top-large:0px;--awb-spacing-right-large:1.92%;--awb-margin-bottom-large:20px;--awb-spacing-left-large:1.92%;--awb-width-medium:100%;--awb-order-medium:0;--awb-spacing-right-medium:1.92%;--awb-spacing-left-medium:1.92%;--awb-width-small:100%;--awb-order-small:0;--awb-spacing-right-small:1.92%;--awb-spacing-left-small:1.92%;\"><div class=\"fusion-column-wrapper fusion-column-has-shadow fusion-flex-justify-content-flex-start fusion-content-layout-column\"><div class=\"fusion-text fusion-text-4\"><p>Ce site a pour objectif de permettre aux enseignants qui le d\u00e9sire de se mettre dans une d\u00e9marche de formation. A cete fin, nous vous propons plusieurs modules de formation.<\/p>\n<p>Pour chaque module, nous proposons une strat\u00e9gie d\u2019apprentissage bas\u00e9e sur une s\u00e9rie de t\u00e2ches progressives, chacune correspondant \u00e0 un niveau de la taxonomie de Bloom. Tout au long du parcours, ces t\u00e2ches permettent de d\u00e9velopper les comp\u00e9tences de mani\u00e8re graduelle. En fin de module, diff\u00e9rents types d\u2019\u00e9valuation sont propos\u00e9s. Une \u00e9valuation formative permet \u00e0 chacun de se situer gr\u00e2ce \u00e0 un processus d\u2019auto-\u00e9valuation. Une \u00e9valuation certificative repose sur la r\u00e9alisation d\u2019un produit final et donne acc\u00e8s \u00e0 l\u2019obtention d\u2019un Open Badge.<\/p>\n<p>&#8211; parcourir plusieurs pages de ce site : conna\u00eetre<\/p>\n<p>&#8211; r\u00e9aliser des recherches : comprendre<\/p>\n<p>&#8211; faire des exercices : appliquer<\/p>\n<p>&#8211; analyser une production : analyser<\/p>\n<p>&#8211; r\u00e9aliser une synth\u00e8se de vos apprentissages : synth\u00e9tiser<\/p>\n<p>&#8211; r\u00e9aliser une \u00e9valuation formative : \u00e9valuer<\/p>\n<p>&#8211;  une \u00e9preuve certificative afin d&rsquo;obtenir l&rsquo;openbadge qui correspond au module acquis : cr\u00e9er<\/p>\n<p>Via la page modules, vous aurez acc\u00e8s \u00e0 l&rsquo;\u00e9valuation certificative de votre module. Une fois l&rsquo;\u00e9preuve r\u00e9alis\u00e9e, il vous suffira de d\u00e9poser votre r\u00e9alisation sur votre espace Openbadges.<\/p>\n<\/div><\/div><\/div><\/div><\/div><\/p>\n","protected":false},"excerpt":{"rendered":"","protected":false},"author":1,"featured_media":0,"parent":1501,"menu_order":0,"comment_status":"closed","ping_status":"closed","template":"100-width.php","meta":{"footnotes":""},"class_list":["post-1542","page","type-page","status-publish","hentry"],"yoast_head":"<!-- This site is optimized with the Yoast SEO plugin v27.4 - https:\/\/yoast.com\/product\/yoast-seo-wordpress\/ -->\n<title>Openbadges - P\u00e9dagogie &amp; Intelligence artificielle<\/title>\n<meta name=\"robots\" content=\"index, follow, max-snippet:-1, max-image-preview:large, max-video-preview:-1\" \/>\n<link rel=\"canonical\" href=\"https:\/\/ia-education.be\/?page_id=1542\" \/>\n<meta property=\"og:locale\" content=\"fr_FR\" \/>\n<meta property=\"og:type\" content=\"article\" \/>\n<meta property=\"og:title\" content=\"Openbadges - P\u00e9dagogie &amp; Intelligence artificielle\" \/>\n<meta property=\"og:url\" content=\"https:\/\/ia-education.be\/?page_id=1542\" \/>\n<meta property=\"og:site_name\" content=\"P\u00e9dagogie &amp; Intelligence artificielle\" \/>\n<meta property=\"article:modified_time\" content=\"2026-02-23T14:10:52+00:00\" \/>\n<meta name=\"twitter:card\" content=\"summary_large_image\" \/>\n<script type=\"application\/ld+json\" class=\"yoast-schema-graph\">{\"@context\":\"https:\\\/\\\/schema.org\",\"@graph\":[{\"@type\":\"WebPage\",\"@id\":\"https:\\\/\\\/ia-education.be\\\/?page_id=1542\",\"url\":\"https:\\\/\\\/ia-education.be\\\/?page_id=1542\",\"name\":\"Openbadges - P\u00e9dagogie &amp; Intelligence artificielle\",\"isPartOf\":{\"@id\":\"https:\\\/\\\/ia-education.be\\\/#website\"},\"datePublished\":\"2026-02-06T10:44:25+00:00\",\"dateModified\":\"2026-02-23T14:10:52+00:00\",\"breadcrumb\":{\"@id\":\"https:\\\/\\\/ia-education.be\\\/?page_id=1542#breadcrumb\"},\"inLanguage\":\"fr-BE\",\"potentialAction\":[{\"@type\":\"ReadAction\",\"target\":[\"https:\\\/\\\/ia-education.be\\\/?page_id=1542\"]}]},{\"@type\":\"BreadcrumbList\",\"@id\":\"https:\\\/\\\/ia-education.be\\\/?page_id=1542#breadcrumb\",\"itemListElement\":[{\"@type\":\"ListItem\",\"position\":1,\"name\":\"Accueil\",\"item\":\"https:\\\/\\\/ia-education.be\\\/\"},{\"@type\":\"ListItem\",\"position\":2,\"name\":\"Se former\",\"item\":\"https:\\\/\\\/ia-education.be\\\/?page_id=1545\"},{\"@type\":\"ListItem\",\"position\":3,\"name\":\"Modules\",\"item\":\"https:\\\/\\\/ia-education.be\\\/?page_id=1501\"},{\"@type\":\"ListItem\",\"position\":4,\"name\":\"Openbadges\"}]},{\"@type\":\"WebSite\",\"@id\":\"https:\\\/\\\/ia-education.be\\\/#website\",\"url\":\"https:\\\/\\\/ia-education.be\\\/\",\"name\":\"P\u00e9dagogie &amp; Intelligence artificielle\",\"description\":\"Apprendre avec efficience\",\"potentialAction\":[{\"@type\":\"SearchAction\",\"target\":{\"@type\":\"EntryPoint\",\"urlTemplate\":\"https:\\\/\\\/ia-education.be\\\/?s={search_term_string}\"},\"query-input\":{\"@type\":\"PropertyValueSpecification\",\"valueRequired\":true,\"valueName\":\"search_term_string\"}}],\"inLanguage\":\"fr-BE\"}]}<\/script>\n<!-- \/ Yoast SEO plugin. -->","yoast_head_json":{"title":"Openbadges - P\u00e9dagogie &amp; Intelligence artificielle","robots":{"index":"index","follow":"follow","max-snippet":"max-snippet:-1","max-image-preview":"max-image-preview:large","max-video-preview":"max-video-preview:-1"},"canonical":"https:\/\/ia-education.be\/?page_id=1542","og_locale":"fr_FR","og_type":"article","og_title":"Openbadges - P\u00e9dagogie &amp; Intelligence artificielle","og_url":"https:\/\/ia-education.be\/?page_id=1542","og_site_name":"P\u00e9dagogie &amp; Intelligence artificielle","article_modified_time":"2026-02-23T14:10:52+00:00","twitter_card":"summary_large_image","schema":{"@context":"https:\/\/schema.org","@graph":[{"@type":"WebPage","@id":"https:\/\/ia-education.be\/?page_id=1542","url":"https:\/\/ia-education.be\/?page_id=1542","name":"Openbadges - P\u00e9dagogie &amp; Intelligence artificielle","isPartOf":{"@id":"https:\/\/ia-education.be\/#website"},"datePublished":"2026-02-06T10:44:25+00:00","dateModified":"2026-02-23T14:10:52+00:00","breadcrumb":{"@id":"https:\/\/ia-education.be\/?page_id=1542#breadcrumb"},"inLanguage":"fr-BE","potentialAction":[{"@type":"ReadAction","target":["https:\/\/ia-education.be\/?page_id=1542"]}]},{"@type":"BreadcrumbList","@id":"https:\/\/ia-education.be\/?page_id=1542#breadcrumb","itemListElement":[{"@type":"ListItem","position":1,"name":"Accueil","item":"https:\/\/ia-education.be\/"},{"@type":"ListItem","position":2,"name":"Se former","item":"https:\/\/ia-education.be\/?page_id=1545"},{"@type":"ListItem","position":3,"name":"Modules","item":"https:\/\/ia-education.be\/?page_id=1501"},{"@type":"ListItem","position":4,"name":"Openbadges"}]},{"@type":"WebSite","@id":"https:\/\/ia-education.be\/#website","url":"https:\/\/ia-education.be\/","name":"P\u00e9dagogie &amp; Intelligence artificielle","description":"Apprendre avec efficience","potentialAction":[{"@type":"SearchAction","target":{"@type":"EntryPoint","urlTemplate":"https:\/\/ia-education.be\/?s={search_term_string}"},"query-input":{"@type":"PropertyValueSpecification","valueRequired":true,"valueName":"search_term_string"}}],"inLanguage":"fr-BE"}]}},"_links":{"self":[{"href":"https:\/\/ia-education.be\/index.php?rest_route=\/wp\/v2\/pages\/1542","targetHints":{"allow":["GET"]}}],"collection":[{"href":"https:\/\/ia-education.be\/index.php?rest_route=\/wp\/v2\/pages"}],"about":[{"href":"https:\/\/ia-education.be\/index.php?rest_route=\/wp\/v2\/types\/page"}],"author":[{"embeddable":true,"href":"https:\/\/ia-education.be\/index.php?rest_route=\/wp\/v2\/users\/1"}],"replies":[{"embeddable":true,"href":"https:\/\/ia-education.be\/index.php?rest_route=%2Fwp%2Fv2%2Fcomments&post=1542"}],"version-history":[{"count":6,"href":"https:\/\/ia-education.be\/index.php?rest_route=\/wp\/v2\/pages\/1542\/revisions"}],"predecessor-version":[{"id":2316,"href":"https:\/\/ia-education.be\/index.php?rest_route=\/wp\/v2\/pages\/1542\/revisions\/2316"}],"up":[{"embeddable":true,"href":"https:\/\/ia-education.be\/index.php?rest_route=\/wp\/v2\/pages\/1501"}],"wp:attachment":[{"href":"https:\/\/ia-education.be\/index.php?rest_route=%2Fwp%2Fv2%2Fmedia&parent=1542"}],"curies":[{"name":"wp","href":"https:\/\/api.w.org\/{rel}","templated":true}]}}