{"id":162,"date":"2025-11-25T15:17:22","date_gmt":"2025-11-25T15:17:22","guid":{"rendered":"http:\/\/ia-education.be\/?page_id=162"},"modified":"2025-11-25T15:21:35","modified_gmt":"2025-11-25T15:21:35","slug":"gestion-des-cookies","status":"publish","type":"page","link":"https:\/\/ia-education.be\/?page_id=162","title":{"rendered":"Gestion des cookies"},"content":{"rendered":"<div class=\"fusion-fullwidth fullwidth-box fusion-builder-row-1 fusion-flex-container has-pattern-background has-mask-background nonhundred-percent-fullwidth non-hundred-percent-height-scrolling\" style=\"--awb-border-radius-top-left:0px;--awb-border-radius-top-right:0px;--awb-border-radius-bottom-right:0px;--awb-border-radius-bottom-left:0px;--awb-flex-wrap:wrap;\" ><div class=\"fusion-builder-row fusion-row fusion-flex-align-items-flex-start fusion-flex-content-wrap\" style=\"max-width:1248px;margin-left: calc(-4% \/ 2 );margin-right: calc(-4% \/ 2 );\"><div class=\"fusion-layout-column fusion_builder_column fusion-builder-column-0 fusion_builder_column_1_1 1_1 fusion-flex-column\" style=\"--awb-bg-size:cover;--awb-width-large:100%;--awb-margin-top-large:0px;--awb-spacing-right-large:1.92%;--awb-margin-bottom-large:20px;--awb-spacing-left-large:1.92%;--awb-width-medium:100%;--awb-order-medium:0;--awb-spacing-right-medium:1.92%;--awb-spacing-left-medium:1.92%;--awb-width-small:100%;--awb-order-small:0;--awb-spacing-right-small:1.92%;--awb-spacing-left-small:1.92%;\"><div class=\"fusion-column-wrapper fusion-column-has-shadow fusion-flex-justify-content-flex-start fusion-content-layout-column\"><div class=\"fusion-text fusion-text-1\"><p>Derni\u00e8re mise \u00e0 jour : 25 novembre 2025<\/p>\n<p><strong>1. Utilisation des cookies<br \/>\n<\/strong>Le site ia-\u00e9ducation.be utilise uniquement des cookies techniques n\u00e9cessaires \u00e0 son fonctionnement.<br \/>\nAucun cookie publicitaire, analytique ou de suivi n\u2019est utilis\u00e9.<br \/>\nCes cookies :<br \/>\n&#8211; ne collectent pas de donn\u00e9es personnelles,<br \/>\n&#8211; ne permettent pas d\u2019identifier les visiteurs,<br \/>\n&#8211; ne sont pas utilis\u00e9s \u00e0 des fins marketing.<br \/>\nIls ne n\u00e9cessitent donc pas de consentement.<\/p>\n<p><strong>2. Cookies strictement n\u00e9cessaires utilis\u00e9s<br \/>\n<\/strong>Les cookies techniques peuvent inclure :<br \/>\n&#8211; cookies de session WordPress,<br \/>\n&#8211; cookies de s\u00e9curit\u00e9,<br \/>\n&#8211; cookies OVH li\u00e9s \u00e0 la stabilit\u00e9 du serveur.<br \/>\nCes cookies assurent le bon fonctionnement et la s\u00e9curit\u00e9 du site.<br \/>\nIls sont supprim\u00e9s automatiquement apr\u00e8s votre visite ou apr\u00e8s un court d\u00e9lai.<\/p>\n<p><strong>3. Absence de cookies analytiques ou publicitaires<br \/>\n<\/strong>Le site n\u2019utilise pas :<br \/>\n&#8211; Google Analytics,<br \/>\n&#8211; Matomo,<br \/>\n&#8211; pixels r\u00e9seaux sociaux,<br \/>\n&#8211; cookies publicitaires,<br \/>\n&#8211; outils de suivi comportemental.<\/p>\n<p><strong>4. Gestion des cookies dans votre navigateur<br \/>\n<\/strong>Vous pouvez d\u00e9sactiver ou supprimer les cookies via les param\u00e8tres de votre navigateur :<br \/>\n&#8211; Chrome : Confidentialit\u00e9 et s\u00e9curit\u00e9 \u2192 Cookies<br \/>\n&#8211; Firefox : Vie priv\u00e9e et s\u00e9curit\u00e9<br \/>\n&#8211; Safari : Pr\u00e9f\u00e9rences \u2192 Confidentialit\u00e9<br \/>\n&#8211; Edge : Cookies et autorisations<br \/>\nD\u00e9sactiver les cookies techniques peut limiter le fonctionnement du site.<\/p>\n<p><strong>5. Contact<br \/>\n<\/strong>Pour toute question concernant cette politique :<br \/>\nkmim.asbl(@)gmail.com<\/p>\n<\/div><\/div><\/div><\/div><\/div>\n","protected":false},"excerpt":{"rendered":"","protected":false},"author":1,"featured_media":0,"parent":2,"menu_order":0,"comment_status":"closed","ping_status":"closed","template":"100-width.php","meta":{"footnotes":""},"class_list":["post-162","page","type-page","status-publish","hentry"],"yoast_head":"<!-- This site is optimized with the Yoast SEO plugin v27.4 - https:\/\/yoast.com\/product\/yoast-seo-wordpress\/ -->\n<title>Gestion des cookies - P\u00e9dagogie &amp; Intelligence artificielle<\/title>\n<meta name=\"robots\" content=\"index, follow, max-snippet:-1, max-image-preview:large, max-video-preview:-1\" \/>\n<link rel=\"canonical\" href=\"https:\/\/ia-education.be\/?page_id=162\" \/>\n<meta property=\"og:locale\" content=\"fr_FR\" \/>\n<meta property=\"og:type\" content=\"article\" \/>\n<meta property=\"og:title\" content=\"Gestion des cookies - P\u00e9dagogie &amp; Intelligence artificielle\" \/>\n<meta property=\"og:url\" content=\"https:\/\/ia-education.be\/?page_id=162\" \/>\n<meta property=\"og:site_name\" content=\"P\u00e9dagogie &amp; Intelligence artificielle\" \/>\n<meta property=\"article:modified_time\" content=\"2025-11-25T15:21:35+00:00\" \/>\n<meta name=\"twitter:card\" content=\"summary_large_image\" \/>\n<meta name=\"twitter:label1\" content=\"Dur\u00e9e de lecture est.\" \/>\n\t<meta name=\"twitter:data1\" content=\"1 minute\" \/>\n<script type=\"application\/ld+json\" class=\"yoast-schema-graph\">{\"@context\":\"https:\\\/\\\/schema.org\",\"@graph\":[{\"@type\":\"WebPage\",\"@id\":\"https:\\\/\\\/ia-education.be\\\/?page_id=162\",\"url\":\"https:\\\/\\\/ia-education.be\\\/?page_id=162\",\"name\":\"Gestion des cookies - P\u00e9dagogie &amp; Intelligence artificielle\",\"isPartOf\":{\"@id\":\"https:\\\/\\\/ia-education.be\\\/#website\"},\"datePublished\":\"2025-11-25T15:17:22+00:00\",\"dateModified\":\"2025-11-25T15:21:35+00:00\",\"breadcrumb\":{\"@id\":\"https:\\\/\\\/ia-education.be\\\/?page_id=162#breadcrumb\"},\"inLanguage\":\"fr-BE\",\"potentialAction\":[{\"@type\":\"ReadAction\",\"target\":[\"https:\\\/\\\/ia-education.be\\\/?page_id=162\"]}]},{\"@type\":\"BreadcrumbList\",\"@id\":\"https:\\\/\\\/ia-education.be\\\/?page_id=162#breadcrumb\",\"itemListElement\":[{\"@type\":\"ListItem\",\"position\":1,\"name\":\"Accueil\",\"item\":\"https:\\\/\\\/ia-education.be\\\/\"},{\"@type\":\"ListItem\",\"position\":2,\"name\":\"Accueil\",\"item\":\"https:\\\/\\\/ia-education.be\\\/\"},{\"@type\":\"ListItem\",\"position\":3,\"name\":\"Gestion des cookies\"}]},{\"@type\":\"WebSite\",\"@id\":\"https:\\\/\\\/ia-education.be\\\/#website\",\"url\":\"https:\\\/\\\/ia-education.be\\\/\",\"name\":\"P\u00e9dagogie &amp; Intelligence artificielle\",\"description\":\"Apprendre avec efficience\",\"potentialAction\":[{\"@type\":\"SearchAction\",\"target\":{\"@type\":\"EntryPoint\",\"urlTemplate\":\"https:\\\/\\\/ia-education.be\\\/?s={search_term_string}\"},\"query-input\":{\"@type\":\"PropertyValueSpecification\",\"valueRequired\":true,\"valueName\":\"search_term_string\"}}],\"inLanguage\":\"fr-BE\"}]}<\/script>\n<!-- \/ Yoast SEO plugin. -->","yoast_head_json":{"title":"Gestion des cookies - P\u00e9dagogie &amp; Intelligence artificielle","robots":{"index":"index","follow":"follow","max-snippet":"max-snippet:-1","max-image-preview":"max-image-preview:large","max-video-preview":"max-video-preview:-1"},"canonical":"https:\/\/ia-education.be\/?page_id=162","og_locale":"fr_FR","og_type":"article","og_title":"Gestion des cookies - P\u00e9dagogie &amp; Intelligence artificielle","og_url":"https:\/\/ia-education.be\/?page_id=162","og_site_name":"P\u00e9dagogie &amp; Intelligence artificielle","article_modified_time":"2025-11-25T15:21:35+00:00","twitter_card":"summary_large_image","twitter_misc":{"Dur\u00e9e de lecture est.":"1 minute"},"schema":{"@context":"https:\/\/schema.org","@graph":[{"@type":"WebPage","@id":"https:\/\/ia-education.be\/?page_id=162","url":"https:\/\/ia-education.be\/?page_id=162","name":"Gestion des cookies - P\u00e9dagogie &amp; Intelligence artificielle","isPartOf":{"@id":"https:\/\/ia-education.be\/#website"},"datePublished":"2025-11-25T15:17:22+00:00","dateModified":"2025-11-25T15:21:35+00:00","breadcrumb":{"@id":"https:\/\/ia-education.be\/?page_id=162#breadcrumb"},"inLanguage":"fr-BE","potentialAction":[{"@type":"ReadAction","target":["https:\/\/ia-education.be\/?page_id=162"]}]},{"@type":"BreadcrumbList","@id":"https:\/\/ia-education.be\/?page_id=162#breadcrumb","itemListElement":[{"@type":"ListItem","position":1,"name":"Accueil","item":"https:\/\/ia-education.be\/"},{"@type":"ListItem","position":2,"name":"Accueil","item":"https:\/\/ia-education.be\/"},{"@type":"ListItem","position":3,"name":"Gestion des cookies"}]},{"@type":"WebSite","@id":"https:\/\/ia-education.be\/#website","url":"https:\/\/ia-education.be\/","name":"P\u00e9dagogie &amp; Intelligence artificielle","description":"Apprendre avec efficience","potentialAction":[{"@type":"SearchAction","target":{"@type":"EntryPoint","urlTemplate":"https:\/\/ia-education.be\/?s={search_term_string}"},"query-input":{"@type":"PropertyValueSpecification","valueRequired":true,"valueName":"search_term_string"}}],"inLanguage":"fr-BE"}]}},"_links":{"self":[{"href":"https:\/\/ia-education.be\/index.php?rest_route=\/wp\/v2\/pages\/162","targetHints":{"allow":["GET"]}}],"collection":[{"href":"https:\/\/ia-education.be\/index.php?rest_route=\/wp\/v2\/pages"}],"about":[{"href":"https:\/\/ia-education.be\/index.php?rest_route=\/wp\/v2\/types\/page"}],"author":[{"embeddable":true,"href":"https:\/\/ia-education.be\/index.php?rest_route=\/wp\/v2\/users\/1"}],"replies":[{"embeddable":true,"href":"https:\/\/ia-education.be\/index.php?rest_route=%2Fwp%2Fv2%2Fcomments&post=162"}],"version-history":[{"count":2,"href":"https:\/\/ia-education.be\/index.php?rest_route=\/wp\/v2\/pages\/162\/revisions"}],"predecessor-version":[{"id":164,"href":"https:\/\/ia-education.be\/index.php?rest_route=\/wp\/v2\/pages\/162\/revisions\/164"}],"up":[{"embeddable":true,"href":"https:\/\/ia-education.be\/index.php?rest_route=\/wp\/v2\/pages\/2"}],"wp:attachment":[{"href":"https:\/\/ia-education.be\/index.php?rest_route=%2Fwp%2Fv2%2Fmedia&parent=162"}],"curies":[{"name":"wp","href":"https:\/\/api.w.org\/{rel}","templated":true}]}}