{"id":165,"date":"2025-11-25T15:22:12","date_gmt":"2025-11-25T15:22:12","guid":{"rendered":"http:\/\/ia-education.be\/?page_id=165"},"modified":"2025-11-25T15:22:29","modified_gmt":"2025-11-25T15:22:29","slug":"cgu","status":"publish","type":"page","link":"https:\/\/ia-education.be\/?page_id=165","title":{"rendered":"CGU"},"content":{"rendered":"<div class=\"fusion-fullwidth fullwidth-box fusion-builder-row-1 fusion-flex-container has-pattern-background has-mask-background nonhundred-percent-fullwidth non-hundred-percent-height-scrolling\" style=\"--awb-border-radius-top-left:0px;--awb-border-radius-top-right:0px;--awb-border-radius-bottom-right:0px;--awb-border-radius-bottom-left:0px;--awb-flex-wrap:wrap;\" ><div class=\"fusion-builder-row fusion-row fusion-flex-align-items-flex-start fusion-flex-content-wrap\" style=\"max-width:1248px;margin-left: calc(-4% \/ 2 );margin-right: calc(-4% \/ 2 );\"><div class=\"fusion-layout-column fusion_builder_column fusion-builder-column-0 fusion_builder_column_1_1 1_1 fusion-flex-column\" style=\"--awb-bg-size:cover;--awb-width-large:100%;--awb-margin-top-large:0px;--awb-spacing-right-large:1.92%;--awb-margin-bottom-large:20px;--awb-spacing-left-large:1.92%;--awb-width-medium:100%;--awb-order-medium:0;--awb-spacing-right-medium:1.92%;--awb-spacing-left-medium:1.92%;--awb-width-small:100%;--awb-order-small:0;--awb-spacing-right-small:1.92%;--awb-spacing-left-small:1.92%;\"><div class=\"fusion-column-wrapper fusion-column-has-shadow fusion-flex-justify-content-flex-start fusion-content-layout-column\"><div class=\"fusion-text fusion-text-1\"><p><strong>1. Objet des CGU<\/strong><br \/>\nLes pr\u00e9sentes Conditions G\u00e9n\u00e9rales d\u2019Utilisation ont pour objet d\u2019encadrer l\u2019acc\u00e8s et l\u2019utilisation du site ia-\u00e9ducation.be, \u00e9dit\u00e9 par Renaud Keymeulen. En naviguant sur ce site, l\u2019utilisateur accepte pleinement et sans r\u00e9serve les pr\u00e9sentes CGU.<\/p>\n<p><strong>2. Acc\u00e8s au site<\/strong><br \/>\nLe site est accessible gratuitement \u00e0 tout utilisateur disposant d\u2019un acc\u00e8s internet. L\u2019\u00e9diteur ne peut \u00eatre tenu responsable en cas d\u2019indisponibilit\u00e9, d\u2019interruption ou de dysfonctionnement du site.<\/p>\n<p><strong>3. Propri\u00e9t\u00e9 intellectuelle<\/strong><br \/>\nTous les contenus du site (textes, images, illustrations, ressources p\u00e9dagogiques, logos, mise en page, etc.) sont prot\u00e9g\u00e9s par le droit d\u2019auteur.<br \/>\nToute reproduction, distribution, modification ou exploitation commerciale est interdite sans autorisation \u00e9crite pr\u00e9alable.<\/p>\n<p><strong>4. Utilisation du site<\/strong><br \/>\nL\u2019utilisateur s\u2019engage \u00e0 :<br \/>\n&#8211; utiliser le site de mani\u00e8re conforme aux lois et r\u00e8glements en vigueur ;<br \/>\n&#8211; ne pas tenter d\u2019endommager, pirater ou perturber le fonctionnement du site ;<br \/>\n&#8211; ne pas extraire ou r\u00e9utiliser massivement son contenu.<\/p>\n<p><strong>5. Responsabilit\u00e9<\/strong><br \/>\nL\u2019\u00e9diteur veille \u00e0 fournir des informations exactes et mises \u00e0 jour, mais ne peut garantir l\u2019absence d\u2019erreurs ponctuelles.<br \/>\nIl ne peut \u00eatre tenu responsable :<br \/>\n&#8211; d\u2019erreurs, d\u2019omissions ou d\u2019inexactitudes ;<br \/>\n&#8211; d\u2019une indisponibilit\u00e9 temporaire du site ;<br \/>\n&#8211; de dommages li\u00e9s \u00e0 l\u2019utilisation du site ou de liens externes.<\/p>\n<p><strong>6. Donn\u00e9es personnelles et cookies<\/strong><br \/>\nLe site ne collecte pas de donn\u00e9es personnelles et n\u2019utilise que des cookies techniques indispensables au fonctionnement.<br \/>\nPour plus d\u2019informations, consulter la Politique de confidentialit\u00e9 et la Politique relative aux cookies.<\/p>\n<p><strong>7. Liens externes<\/strong><br \/>\nLe site peut contenir des liens vers d\u2019autres sites. L\u2019\u00e9diteur n\u2019assume aucune responsabilit\u00e9 concernant le contenu ou le fonctionnement de ces sites tiers.<\/p>\n<p><strong>8. S\u00e9curit\u00e9<\/strong><br \/>\nL\u2019utilisateur s\u2019engage \u00e0 ne pas adopter de comportements susceptibles de nuire \u00e0 la s\u00e9curit\u00e9 du site.<br \/>\nL\u2019\u00e9diteur met en \u0153uvre des mesures techniques raisonnables pour assurer la s\u00e9curit\u00e9 du site.<\/p>\n<p><strong>9. Modification des CGU<\/strong><br \/>\nL\u2019\u00e9diteur peut modifier \u00e0 tout moment les pr\u00e9sentes CGU. L\u2019utilisateur est invit\u00e9 \u00e0 les consulter r\u00e9guli\u00e8rement.<\/p>\n<p><strong>10. Droit applicable et juridiction<\/strong><br \/>\nLes CGU sont r\u00e9gies par le droit belge. En cas de litige, les tribunaux comp\u00e9tents seront ceux du ressort de l\u2019arrondissement judiciaire de l\u2019\u00e9diteur.<br \/>\n<strong><br \/>\n11. Contact<br \/>\n<\/strong>Pour toute question relative aux CGU :<br \/>\nkmim.asbl(@)gmail.com<\/p>\n<\/div><\/div><\/div><\/div><\/div>\n","protected":false},"excerpt":{"rendered":"","protected":false},"author":1,"featured_media":0,"parent":2,"menu_order":0,"comment_status":"closed","ping_status":"closed","template":"100-width.php","meta":{"footnotes":""},"class_list":["post-165","page","type-page","status-publish","hentry"],"yoast_head":"<!-- This site is optimized with the Yoast SEO plugin v27.4 - https:\/\/yoast.com\/product\/yoast-seo-wordpress\/ -->\n<title>CGU - P\u00e9dagogie &amp; Intelligence artificielle<\/title>\n<meta name=\"robots\" content=\"index, follow, max-snippet:-1, max-image-preview:large, max-video-preview:-1\" \/>\n<link rel=\"canonical\" href=\"https:\/\/ia-education.be\/?page_id=165\" \/>\n<meta property=\"og:locale\" content=\"fr_FR\" \/>\n<meta property=\"og:type\" content=\"article\" \/>\n<meta property=\"og:title\" content=\"CGU - P\u00e9dagogie &amp; Intelligence artificielle\" \/>\n<meta property=\"og:url\" content=\"https:\/\/ia-education.be\/?page_id=165\" \/>\n<meta property=\"og:site_name\" content=\"P\u00e9dagogie &amp; Intelligence artificielle\" \/>\n<meta property=\"article:modified_time\" content=\"2025-11-25T15:22:29+00:00\" \/>\n<meta name=\"twitter:card\" content=\"summary_large_image\" \/>\n<meta name=\"twitter:label1\" content=\"Dur\u00e9e de lecture est.\" \/>\n\t<meta name=\"twitter:data1\" content=\"2 minutes\" \/>\n<script type=\"application\/ld+json\" class=\"yoast-schema-graph\">{\"@context\":\"https:\\\/\\\/schema.org\",\"@graph\":[{\"@type\":\"WebPage\",\"@id\":\"https:\\\/\\\/ia-education.be\\\/?page_id=165\",\"url\":\"https:\\\/\\\/ia-education.be\\\/?page_id=165\",\"name\":\"CGU - P\u00e9dagogie &amp; Intelligence artificielle\",\"isPartOf\":{\"@id\":\"https:\\\/\\\/ia-education.be\\\/#website\"},\"datePublished\":\"2025-11-25T15:22:12+00:00\",\"dateModified\":\"2025-11-25T15:22:29+00:00\",\"breadcrumb\":{\"@id\":\"https:\\\/\\\/ia-education.be\\\/?page_id=165#breadcrumb\"},\"inLanguage\":\"fr-BE\",\"potentialAction\":[{\"@type\":\"ReadAction\",\"target\":[\"https:\\\/\\\/ia-education.be\\\/?page_id=165\"]}]},{\"@type\":\"BreadcrumbList\",\"@id\":\"https:\\\/\\\/ia-education.be\\\/?page_id=165#breadcrumb\",\"itemListElement\":[{\"@type\":\"ListItem\",\"position\":1,\"name\":\"Accueil\",\"item\":\"https:\\\/\\\/ia-education.be\\\/\"},{\"@type\":\"ListItem\",\"position\":2,\"name\":\"Accueil\",\"item\":\"https:\\\/\\\/ia-education.be\\\/\"},{\"@type\":\"ListItem\",\"position\":3,\"name\":\"CGU\"}]},{\"@type\":\"WebSite\",\"@id\":\"https:\\\/\\\/ia-education.be\\\/#website\",\"url\":\"https:\\\/\\\/ia-education.be\\\/\",\"name\":\"P\u00e9dagogie &amp; Intelligence artificielle\",\"description\":\"Apprendre avec efficience\",\"potentialAction\":[{\"@type\":\"SearchAction\",\"target\":{\"@type\":\"EntryPoint\",\"urlTemplate\":\"https:\\\/\\\/ia-education.be\\\/?s={search_term_string}\"},\"query-input\":{\"@type\":\"PropertyValueSpecification\",\"valueRequired\":true,\"valueName\":\"search_term_string\"}}],\"inLanguage\":\"fr-BE\"}]}<\/script>\n<!-- \/ Yoast SEO plugin. -->","yoast_head_json":{"title":"CGU - P\u00e9dagogie &amp; Intelligence artificielle","robots":{"index":"index","follow":"follow","max-snippet":"max-snippet:-1","max-image-preview":"max-image-preview:large","max-video-preview":"max-video-preview:-1"},"canonical":"https:\/\/ia-education.be\/?page_id=165","og_locale":"fr_FR","og_type":"article","og_title":"CGU - P\u00e9dagogie &amp; Intelligence artificielle","og_url":"https:\/\/ia-education.be\/?page_id=165","og_site_name":"P\u00e9dagogie &amp; Intelligence artificielle","article_modified_time":"2025-11-25T15:22:29+00:00","twitter_card":"summary_large_image","twitter_misc":{"Dur\u00e9e de lecture est.":"2 minutes"},"schema":{"@context":"https:\/\/schema.org","@graph":[{"@type":"WebPage","@id":"https:\/\/ia-education.be\/?page_id=165","url":"https:\/\/ia-education.be\/?page_id=165","name":"CGU - P\u00e9dagogie &amp; Intelligence artificielle","isPartOf":{"@id":"https:\/\/ia-education.be\/#website"},"datePublished":"2025-11-25T15:22:12+00:00","dateModified":"2025-11-25T15:22:29+00:00","breadcrumb":{"@id":"https:\/\/ia-education.be\/?page_id=165#breadcrumb"},"inLanguage":"fr-BE","potentialAction":[{"@type":"ReadAction","target":["https:\/\/ia-education.be\/?page_id=165"]}]},{"@type":"BreadcrumbList","@id":"https:\/\/ia-education.be\/?page_id=165#breadcrumb","itemListElement":[{"@type":"ListItem","position":1,"name":"Accueil","item":"https:\/\/ia-education.be\/"},{"@type":"ListItem","position":2,"name":"Accueil","item":"https:\/\/ia-education.be\/"},{"@type":"ListItem","position":3,"name":"CGU"}]},{"@type":"WebSite","@id":"https:\/\/ia-education.be\/#website","url":"https:\/\/ia-education.be\/","name":"P\u00e9dagogie &amp; Intelligence artificielle","description":"Apprendre avec efficience","potentialAction":[{"@type":"SearchAction","target":{"@type":"EntryPoint","urlTemplate":"https:\/\/ia-education.be\/?s={search_term_string}"},"query-input":{"@type":"PropertyValueSpecification","valueRequired":true,"valueName":"search_term_string"}}],"inLanguage":"fr-BE"}]}},"_links":{"self":[{"href":"https:\/\/ia-education.be\/index.php?rest_route=\/wp\/v2\/pages\/165","targetHints":{"allow":["GET"]}}],"collection":[{"href":"https:\/\/ia-education.be\/index.php?rest_route=\/wp\/v2\/pages"}],"about":[{"href":"https:\/\/ia-education.be\/index.php?rest_route=\/wp\/v2\/types\/page"}],"author":[{"embeddable":true,"href":"https:\/\/ia-education.be\/index.php?rest_route=\/wp\/v2\/users\/1"}],"replies":[{"embeddable":true,"href":"https:\/\/ia-education.be\/index.php?rest_route=%2Fwp%2Fv2%2Fcomments&post=165"}],"version-history":[{"count":2,"href":"https:\/\/ia-education.be\/index.php?rest_route=\/wp\/v2\/pages\/165\/revisions"}],"predecessor-version":[{"id":167,"href":"https:\/\/ia-education.be\/index.php?rest_route=\/wp\/v2\/pages\/165\/revisions\/167"}],"up":[{"embeddable":true,"href":"https:\/\/ia-education.be\/index.php?rest_route=\/wp\/v2\/pages\/2"}],"wp:attachment":[{"href":"https:\/\/ia-education.be\/index.php?rest_route=%2Fwp%2Fv2%2Fmedia&parent=165"}],"curies":[{"name":"wp","href":"https:\/\/api.w.org\/{rel}","templated":true}]}}