{"id":2454,"date":"2026-02-26T13:45:33","date_gmt":"2026-02-26T13:45:33","guid":{"rendered":"https:\/\/ia-education.be\/?page_id=2454"},"modified":"2026-02-27T08:27:43","modified_gmt":"2026-02-27T08:27:43","slug":"mecanismes-de-jeux","status":"publish","type":"page","link":"https:\/\/ia-education.be\/?page_id=2454","title":{"rendered":"M\u00e9canismes de jeux"},"content":{"rendered":"<p><div class=\"fusion-fullwidth fullwidth-box fusion-builder-row-1 fusion-flex-container has-pattern-background has-mask-background nonhundred-percent-fullwidth non-hundred-percent-height-scrolling\" style=\"--awb-border-radius-top-left:0px;--awb-border-radius-top-right:0px;--awb-border-radius-bottom-right:0px;--awb-border-radius-bottom-left:0px;--awb-background-color:#5078a0;--awb-flex-wrap:wrap;\" ><div class=\"fusion-builder-row fusion-row fusion-flex-align-items-flex-start fusion-flex-content-wrap\" style=\"max-width:1248px;margin-left: calc(-4% \/ 2 );margin-right: calc(-4% \/ 2 );\"><div class=\"fusion-layout-column fusion_builder_column fusion-builder-column-0 fusion_builder_column_1_1 1_1 fusion-flex-column\" style=\"--awb-bg-size:cover;--awb-width-large:100%;--awb-margin-top-large:0px;--awb-spacing-right-large:1.92%;--awb-margin-bottom-large:20px;--awb-spacing-left-large:1.92%;--awb-width-medium:100%;--awb-order-medium:0;--awb-spacing-right-medium:1.92%;--awb-spacing-left-medium:1.92%;--awb-width-small:100%;--awb-order-small:0;--awb-spacing-right-small:1.92%;--awb-spacing-left-small:1.92%;\"><div class=\"fusion-column-wrapper fusion-column-has-shadow fusion-flex-justify-content-flex-start fusion-content-layout-column\"><div class=\"fusion-title title fusion-title-1 fusion-sep-none fusion-title-text fusion-title-size-one\" style=\"--awb-text-color:#ffffff;--awb-margin-top-small:10px;--awb-margin-right-small:0px;--awb-margin-bottom-small:10px;--awb-margin-left-small:0px;\"><h1 class=\"fusion-title-heading title-heading-left fusion-responsive-typography-calculated\" style=\"margin:0;--fontSize:64;line-height:var(--awb-typography1-line-height);\">M\u00e9canismes de jeux<\/h1><\/div><\/div><\/div><\/div><\/div><div class=\"fusion-fullwidth fullwidth-box fusion-builder-row-2 fusion-flex-container has-pattern-background has-mask-background nonhundred-percent-fullwidth non-hundred-percent-height-scrolling\" style=\"--awb-border-radius-top-left:0px;--awb-border-radius-top-right:0px;--awb-border-radius-bottom-right:0px;--awb-border-radius-bottom-left:0px;--awb-flex-wrap:wrap;\" ><div class=\"fusion-builder-row fusion-row fusion-flex-align-items-flex-start fusion-flex-content-wrap\" style=\"max-width:1248px;margin-left: calc(-4% \/ 2 );margin-right: calc(-4% \/ 2 );\"><div class=\"fusion-layout-column fusion_builder_column fusion-builder-column-1 fusion_builder_column_1_1 1_1 fusion-flex-column\" style=\"--awb-bg-size:cover;--awb-width-large:100%;--awb-margin-top-large:0px;--awb-spacing-right-large:1.92%;--awb-margin-bottom-large:20px;--awb-spacing-left-large:1.92%;--awb-width-medium:100%;--awb-order-medium:0;--awb-spacing-right-medium:1.92%;--awb-spacing-left-medium:1.92%;--awb-width-small:100%;--awb-order-small:0;--awb-spacing-right-small:1.92%;--awb-spacing-left-small:1.92%;\"><div class=\"fusion-column-wrapper fusion-column-has-shadow fusion-flex-justify-content-flex-start fusion-content-layout-column\"><\/div><\/div><\/div><\/div><div class=\"fusion-fullwidth fullwidth-box fusion-builder-row-3 fusion-flex-container has-pattern-background has-mask-background nonhundred-percent-fullwidth non-hundred-percent-height-scrolling\" style=\"--awb-border-radius-top-left:0px;--awb-border-radius-top-right:0px;--awb-border-radius-bottom-right:0px;--awb-border-radius-bottom-left:0px;--awb-flex-wrap:wrap;\" ><div class=\"fusion-builder-row fusion-row fusion-flex-align-items-flex-start fusion-flex-content-wrap\" style=\"max-width:1248px;margin-left: calc(-4% \/ 2 );margin-right: calc(-4% \/ 2 );\"><div class=\"fusion-layout-column fusion_builder_column fusion-builder-column-2 fusion_builder_column_1_1 1_1 fusion-flex-column\" style=\"--awb-bg-size:cover;--awb-width-large:100%;--awb-margin-top-large:0px;--awb-spacing-right-large:1.92%;--awb-margin-bottom-large:20px;--awb-spacing-left-large:1.92%;--awb-width-medium:100%;--awb-order-medium:0;--awb-spacing-right-medium:1.92%;--awb-spacing-left-medium:1.92%;--awb-width-small:100%;--awb-order-small:0;--awb-spacing-right-small:1.92%;--awb-spacing-left-small:1.92%;\"><div class=\"fusion-column-wrapper fusion-column-has-shadow fusion-flex-justify-content-flex-start fusion-content-layout-column\"><div class=\"fusion-text fusion-text-1\"><p>Aventure : cheminer dans un parcours jonch\u00e9 d\u2019obstacles<\/p>\n<p>Bataille : affronter un autre joueur ou une autre \u00e9quipe<\/p>\n<p>Classement : priorisation des \u00e9l\u00e9ments<\/p>\n<p>Classification : cat\u00e9goriser des \u00e9l\u00e9ments ayant la m\u00eame caract\u00e9ristique (par ex : des exercices pouvant se r\u00e9soudre avec la m\u00eame r\u00e8gle ou formule)<\/p>\n<p>Collection : accumuler des \u00e9l\u00e9ments d\u2019une m\u00eame famille (par ex : sur une m\u00eame esp\u00e8ce d\u2019\u00eatres vivants)<\/p>\n<p>Communication limit\u00e9e : communiquer selon un code restreint<\/p>\n<p>D\u00e9duction : trouver une r\u00e9ponse \u00e0 partir  d\u2019indices<\/p>\n<p>D\u00e9veloppement : construire, \u00e9tendre\u2026la partie se termine ou le message se d\u00e9voile<\/p>\n<p>Draft : choisir un \u00e9l\u00e9ment (avantage, action\u2026) puis passer aux autres pour qu\u2019ils choisissent (r\u00e9partition d\u2019actions, de produits \u00e0 r\u00e9aliser, de modalit\u00e9s de travail)<\/p>\n<p>Escape game : sortir rapidement de l\u2019espace de jeu<\/p>\n<p>Handicap : enlever un avantage afin de r\u00e9\u00e9quilibrer les chances (diff\u00e9renciation)<\/p>\n<p>Histoire dont vous \u00eates le h\u00e9ros : poser des choix orientant les joueurs dans le.s sc\u00e9nario.s<\/p>\n<p>Improvisation :  sur base d\u2019un cadre, cr\u00e9er une production spontan\u00e9e<\/p>\n<p>Narration : raconter une histoire<\/p>\n<p>N\u00e9gociation : discuter pour prendre une d\u00e9cision collective<\/p>\n<p>Objectifs visibles ou cach\u00e9s : propre \u00e0 un joueur ou une \u00e9quipe<\/p>\n<p>Pairage : associer deux \u00e9l\u00e9ments visible ou non (m\u00e9mory)<\/p>\n<p>Quiz : r\u00e9pondre \u00e0 des questions (qcm)<\/p>\n<p>R\u00e9v\u00e9lation : s\u2019ouvrir aux autres<\/p>\n<p>R\u00f4le : incarner un personnage avec des comp\u00e9tences, une mission, etc (bas\u00e9 sur la coop\u00e9ration)<\/p>\n<p>Rythme : changer le rythme de la partie (acc\u00e9l\u00e9rer, r\u00e9duire\u2026)<\/p>\n<p>Scoring : comptage de ressources et de point<\/p>\n<p>Semis : distribuer un \u00e0 un des \u00e9l\u00e9ments aux joueurs (r\u00e9partition des infos, des pouvoirs, des actions)<\/p>\n<p>Stop ou encore : permettre de recommencer une action ou non (par exemple tirer une carte action, bonus-malus)<\/p>\n<p>Tirage d\u2019\u00e9v\u00e9nements : \u00e9v\u00e9nement ou ressource tir\u00e9s au sort et impactant la partie<\/p>\n<p>Vote : voter pour une prise de d\u00e9cision<\/p>\n<\/p>\n<p>Sources : VAN LANGENDONCKT M., Ludovortex : vingt mille jeux sous les mers (jeu), Bruxelles, 2022<\/p>\n<\/div><\/div><\/div><\/div><\/div><\/p>\n","protected":false},"excerpt":{"rendered":"","protected":false},"author":1,"featured_media":0,"parent":16,"menu_order":0,"comment_status":"closed","ping_status":"closed","template":"100-width.php","meta":{"footnotes":""},"class_list":["post-2454","page","type-page","status-publish","hentry"],"yoast_head":"<!-- This site is optimized with the Yoast SEO plugin v27.4 - https:\/\/yoast.com\/product\/yoast-seo-wordpress\/ -->\n<title>M\u00e9canismes de jeux - P\u00e9dagogie &amp; Intelligence artificielle<\/title>\n<meta name=\"robots\" content=\"index, follow, max-snippet:-1, max-image-preview:large, max-video-preview:-1\" \/>\n<link rel=\"canonical\" href=\"https:\/\/ia-education.be\/?page_id=2454\" \/>\n<meta property=\"og:locale\" content=\"fr_FR\" \/>\n<meta property=\"og:type\" content=\"article\" \/>\n<meta property=\"og:title\" content=\"M\u00e9canismes de jeux - P\u00e9dagogie &amp; Intelligence artificielle\" \/>\n<meta property=\"og:url\" content=\"https:\/\/ia-education.be\/?page_id=2454\" \/>\n<meta property=\"og:site_name\" content=\"P\u00e9dagogie &amp; Intelligence artificielle\" \/>\n<meta property=\"article:modified_time\" content=\"2026-02-27T08:27:43+00:00\" \/>\n<meta name=\"twitter:card\" content=\"summary_large_image\" \/>\n<script type=\"application\/ld+json\" class=\"yoast-schema-graph\">{\"@context\":\"https:\\\/\\\/schema.org\",\"@graph\":[{\"@type\":\"WebPage\",\"@id\":\"https:\\\/\\\/ia-education.be\\\/?page_id=2454\",\"url\":\"https:\\\/\\\/ia-education.be\\\/?page_id=2454\",\"name\":\"M\u00e9canismes de jeux - P\u00e9dagogie &amp; Intelligence artificielle\",\"isPartOf\":{\"@id\":\"https:\\\/\\\/ia-education.be\\\/#website\"},\"datePublished\":\"2026-02-26T13:45:33+00:00\",\"dateModified\":\"2026-02-27T08:27:43+00:00\",\"breadcrumb\":{\"@id\":\"https:\\\/\\\/ia-education.be\\\/?page_id=2454#breadcrumb\"},\"inLanguage\":\"fr-BE\",\"potentialAction\":[{\"@type\":\"ReadAction\",\"target\":[\"https:\\\/\\\/ia-education.be\\\/?page_id=2454\"]}]},{\"@type\":\"BreadcrumbList\",\"@id\":\"https:\\\/\\\/ia-education.be\\\/?page_id=2454#breadcrumb\",\"itemListElement\":[{\"@type\":\"ListItem\",\"position\":1,\"name\":\"Accueil\",\"item\":\"https:\\\/\\\/ia-education.be\\\/\"},{\"@type\":\"ListItem\",\"position\":2,\"name\":\"Comp\u00e9tences\",\"item\":\"https:\\\/\\\/ia-education.be\\\/?page_id=16\"},{\"@type\":\"ListItem\",\"position\":3,\"name\":\"M\u00e9canismes de jeux\"}]},{\"@type\":\"WebSite\",\"@id\":\"https:\\\/\\\/ia-education.be\\\/#website\",\"url\":\"https:\\\/\\\/ia-education.be\\\/\",\"name\":\"P\u00e9dagogie &amp; Intelligence artificielle\",\"description\":\"Apprendre avec efficience\",\"potentialAction\":[{\"@type\":\"SearchAction\",\"target\":{\"@type\":\"EntryPoint\",\"urlTemplate\":\"https:\\\/\\\/ia-education.be\\\/?s={search_term_string}\"},\"query-input\":{\"@type\":\"PropertyValueSpecification\",\"valueRequired\":true,\"valueName\":\"search_term_string\"}}],\"inLanguage\":\"fr-BE\"}]}<\/script>\n<!-- \/ Yoast SEO plugin. -->","yoast_head_json":{"title":"M\u00e9canismes de jeux - P\u00e9dagogie &amp; Intelligence artificielle","robots":{"index":"index","follow":"follow","max-snippet":"max-snippet:-1","max-image-preview":"max-image-preview:large","max-video-preview":"max-video-preview:-1"},"canonical":"https:\/\/ia-education.be\/?page_id=2454","og_locale":"fr_FR","og_type":"article","og_title":"M\u00e9canismes de jeux - P\u00e9dagogie &amp; Intelligence artificielle","og_url":"https:\/\/ia-education.be\/?page_id=2454","og_site_name":"P\u00e9dagogie &amp; Intelligence artificielle","article_modified_time":"2026-02-27T08:27:43+00:00","twitter_card":"summary_large_image","schema":{"@context":"https:\/\/schema.org","@graph":[{"@type":"WebPage","@id":"https:\/\/ia-education.be\/?page_id=2454","url":"https:\/\/ia-education.be\/?page_id=2454","name":"M\u00e9canismes de jeux - P\u00e9dagogie &amp; Intelligence artificielle","isPartOf":{"@id":"https:\/\/ia-education.be\/#website"},"datePublished":"2026-02-26T13:45:33+00:00","dateModified":"2026-02-27T08:27:43+00:00","breadcrumb":{"@id":"https:\/\/ia-education.be\/?page_id=2454#breadcrumb"},"inLanguage":"fr-BE","potentialAction":[{"@type":"ReadAction","target":["https:\/\/ia-education.be\/?page_id=2454"]}]},{"@type":"BreadcrumbList","@id":"https:\/\/ia-education.be\/?page_id=2454#breadcrumb","itemListElement":[{"@type":"ListItem","position":1,"name":"Accueil","item":"https:\/\/ia-education.be\/"},{"@type":"ListItem","position":2,"name":"Comp\u00e9tences","item":"https:\/\/ia-education.be\/?page_id=16"},{"@type":"ListItem","position":3,"name":"M\u00e9canismes de jeux"}]},{"@type":"WebSite","@id":"https:\/\/ia-education.be\/#website","url":"https:\/\/ia-education.be\/","name":"P\u00e9dagogie &amp; Intelligence artificielle","description":"Apprendre avec efficience","potentialAction":[{"@type":"SearchAction","target":{"@type":"EntryPoint","urlTemplate":"https:\/\/ia-education.be\/?s={search_term_string}"},"query-input":{"@type":"PropertyValueSpecification","valueRequired":true,"valueName":"search_term_string"}}],"inLanguage":"fr-BE"}]}},"_links":{"self":[{"href":"https:\/\/ia-education.be\/index.php?rest_route=\/wp\/v2\/pages\/2454","targetHints":{"allow":["GET"]}}],"collection":[{"href":"https:\/\/ia-education.be\/index.php?rest_route=\/wp\/v2\/pages"}],"about":[{"href":"https:\/\/ia-education.be\/index.php?rest_route=\/wp\/v2\/types\/page"}],"author":[{"embeddable":true,"href":"https:\/\/ia-education.be\/index.php?rest_route=\/wp\/v2\/users\/1"}],"replies":[{"embeddable":true,"href":"https:\/\/ia-education.be\/index.php?rest_route=%2Fwp%2Fv2%2Fcomments&post=2454"}],"version-history":[{"count":2,"href":"https:\/\/ia-education.be\/index.php?rest_route=\/wp\/v2\/pages\/2454\/revisions"}],"predecessor-version":[{"id":2463,"href":"https:\/\/ia-education.be\/index.php?rest_route=\/wp\/v2\/pages\/2454\/revisions\/2463"}],"up":[{"embeddable":true,"href":"https:\/\/ia-education.be\/index.php?rest_route=\/wp\/v2\/pages\/16"}],"wp:attachment":[{"href":"https:\/\/ia-education.be\/index.php?rest_route=%2Fwp%2Fv2%2Fmedia&parent=2454"}],"curies":[{"name":"wp","href":"https:\/\/api.w.org\/{rel}","templated":true}]}}