{"id":2464,"date":"2026-02-27T08:43:24","date_gmt":"2026-02-27T08:43:24","guid":{"rendered":"https:\/\/ia-education.be\/?page_id=2464"},"modified":"2026-02-27T08:47:03","modified_gmt":"2026-02-27T08:47:03","slug":"reflexivite-ethique","status":"publish","type":"page","link":"https:\/\/ia-education.be\/?page_id=2464","title":{"rendered":"R\u00e9flexivit\u00e9 Ethique"},"content":{"rendered":"<p><div class=\"fusion-fullwidth fullwidth-box fusion-builder-row-1 fusion-flex-container has-pattern-background has-mask-background nonhundred-percent-fullwidth non-hundred-percent-height-scrolling\" style=\"--awb-border-radius-top-left:0px;--awb-border-radius-top-right:0px;--awb-border-radius-bottom-right:0px;--awb-border-radius-bottom-left:0px;--awb-flex-wrap:wrap;\" ><div class=\"fusion-builder-row fusion-row fusion-flex-align-items-flex-start fusion-flex-content-wrap\" style=\"max-width:1248px;margin-left: calc(-4% \/ 2 );margin-right: calc(-4% \/ 2 );\"><div class=\"fusion-layout-column fusion_builder_column fusion-builder-column-0 fusion_builder_column_1_1 1_1 fusion-flex-column\" style=\"--awb-bg-size:cover;--awb-width-large:100%;--awb-margin-top-large:0px;--awb-spacing-right-large:1.92%;--awb-margin-bottom-large:20px;--awb-spacing-left-large:1.92%;--awb-width-medium:100%;--awb-order-medium:0;--awb-spacing-right-medium:1.92%;--awb-spacing-left-medium:1.92%;--awb-width-small:100%;--awb-order-small:0;--awb-spacing-right-small:1.92%;--awb-spacing-left-small:1.92%;\"><div class=\"fusion-column-wrapper fusion-column-has-shadow fusion-flex-justify-content-flex-start fusion-content-layout-column\"><div class=\"fusion-text fusion-text-1\"><p>Questions pour r\u00e9fl\u00e9chir \u00e0 l\u2019usage de l\u2019intelligence artificielle en classe<\/p>\n<p>1. Sobri\u00e9t\u00e9 num\u00e9rique (utiliser le num\u00e9rique de mani\u00e8re responsable)<\/p>\n<p>Est-ce que je pense \u00e0 l\u2019impact sur l\u2019environnement quand j\u2019utilise l\u2019intelligence artificielle ?<\/p>\n<p>Est-ce que je pourrais faire la m\u00eame chose sans utiliser un outil num\u00e9rique ou sans utiliser l\u2019intelligence artificielle ?<\/p>\n<p>Est-ce que j\u2019ai relu et am\u00e9lior\u00e9 ma demande avant de l\u2019envoyer \u00e0 l\u2019intelligence artificielle ?<\/p>\n<p>Est-ce que les \u00e9l\u00e8ves comprennent que les outils d\u2019intelligence artificielle consomment de l\u2019\u00e9nergie et ont un impact sur la plan\u00e8te ?<\/p>\n<p>Comment puis-je parler de l\u2019impact \u00e9cologique de l\u2019intelligence artificielle avec les \u00e9l\u00e8ves ?<\/p>\n<p>2. Qualit\u00e9 des r\u00e9ponses<\/p>\n<p>Est-ce que j\u2019ai v\u00e9rifi\u00e9 si la r\u00e9ponse donn\u00e9e par l\u2019intelligence artificielle est correcte et fiable ?<\/p>\n<p>Est-ce que j\u2019explique aux \u00e9l\u00e8ves qu\u2019il faut toujours v\u00e9rifier ce que dit l\u2019intelligence artificielle ?<\/p>\n<p>Est-ce que les \u00e9l\u00e8ves savent comment v\u00e9rifier si une information est vraie ou fausse ?<\/p>\n<p>Comment puis-je apprendre aux \u00e9l\u00e8ves \u00e0 v\u00e9rifier la qualit\u00e9 des r\u00e9ponses donn\u00e9es par l\u2019intelligence artificielle ?<\/p>\n<p>3. \u00c9quit\u00e9 et inclusion<\/p>\n<p>Est-ce que je fais attention au fait que l\u2019intelligence artificielle peut parfois oublier certains groupes de personnes ou pr\u00e9senter des id\u00e9es injustes ?<\/p>\n<p>Si une r\u00e9ponse parle d\u2019un groupe de personnes, est-ce que je peux v\u00e9rifier cette information dans une autre source fiable ?<\/p>\n<p>Est-ce que je remarque s\u2019il y a des pr\u00e9jug\u00e9s ou des st\u00e9r\u00e9otypes dans la r\u00e9ponse donn\u00e9e par l\u2019intelligence artificielle ? Si oui, puis-je modifier ma demande pour \u00e9viter cela ?<\/p>\n<p>Est-ce que les \u00e9l\u00e8ves savent que l\u2019intelligence artificielle peut parfois produire des contenus injustes ou biais\u00e9s ?<\/p>\n<p>Comment puis-je discuter avec les \u00e9l\u00e8ves des questions d\u2019\u00e9galit\u00e9 et de respect quand on utilise l\u2019intelligence artificielle ?<\/p>\n<p>4. Transparence et compr\u00e9hension<\/p>\n<p>Est-ce que je dis clairement quand j\u2019ai utilis\u00e9 l\u2019intelligence artificielle pour produire un travail ou un document ?<\/p>\n<p>Si l\u2019intelligence artificielle donne des informations, est-ce que je v\u00e9rifie qu\u2019elles sont exactes ?<\/p>\n<p>Comment puis-je expliquer aux \u00e9l\u00e8ves comment fonctionne l\u2019intelligence artificielle et pourquoi elle peut parfois se tromper ?<\/p>\n<p>5. Responsabilit\u00e9 et autonomie<\/p>\n<p>Pour quelles t\u00e2ches l\u2019intelligence artificielle peut-elle m\u2019aider ?<\/p>\n<p>Est-ce que l\u2019intelligence artificielle me fait gagner du temps pour me concentrer sur des t\u00e2ches plus importantes ?<\/p>\n<p>Est-ce que je reste ma\u00eetre de mon travail quand j\u2019utilise l\u2019intelligence artificielle ?<\/p>\n<p>Quand les \u00e9l\u00e8ves utilisent l\u2019intelligence artificielle, est-ce que je les aide \u00e0 rester responsables de leurs choix ?<\/p>\n<p>Est-ce que j\u2019\u00e9vite de parler de l\u2019intelligence artificielle comme si c\u2019\u00e9tait une personne qui pense ou qui d\u00e9cide toute seule ?<\/p>\n<p>Comment puis-je aider les \u00e9l\u00e8ves \u00e0 comprendre qu\u2019ils doivent garder le contr\u00f4le quand ils utilisent l\u2019intelligence artificielle ?<\/p>\n<\/div><\/div><\/div><\/div><\/div><div class=\"fusion-fullwidth fullwidth-box fusion-builder-row-2 fusion-flex-container has-pattern-background has-mask-background nonhundred-percent-fullwidth non-hundred-percent-height-scrolling\" style=\"--awb-border-radius-top-left:0px;--awb-border-radius-top-right:0px;--awb-border-radius-bottom-right:0px;--awb-border-radius-bottom-left:0px;--awb-flex-wrap:wrap;\" ><div class=\"fusion-builder-row fusion-row fusion-flex-align-items-flex-start fusion-flex-content-wrap\" style=\"max-width:1248px;margin-left: calc(-4% \/ 2 );margin-right: calc(-4% \/ 2 );\"><div class=\"fusion-layout-column fusion_builder_column fusion-builder-column-1 fusion_builder_column_1_1 1_1 fusion-flex-column\" style=\"--awb-bg-size:cover;--awb-width-large:100%;--awb-margin-top-large:0px;--awb-spacing-right-large:1.92%;--awb-margin-bottom-large:20px;--awb-spacing-left-large:1.92%;--awb-width-medium:100%;--awb-order-medium:0;--awb-spacing-right-medium:1.92%;--awb-spacing-left-medium:1.92%;--awb-width-small:100%;--awb-order-small:0;--awb-spacing-right-small:1.92%;--awb-spacing-left-small:1.92%;\"><div class=\"fusion-column-wrapper fusion-column-has-shadow fusion-flex-justify-content-flex-start fusion-content-layout-column\"><div class=\"fusion-text fusion-text-2\"><p>Source : <span style=\"letter-spacing: 0.24px; background-color: rgba(0, 0, 0, 0);\">Minist\u00e8re de l\u2019\u00c9ducation (2024-2025). L\u2019utilisation p\u00e9dagogique, \u00e9thique et l\u00e9gale de l\u2019intelligence artificielle g\u00e9n\u00e9rative : guide destin\u00e9 au personnel enseignant. Gouvernement du Qu\u00e9bec, p. 10 \u00e0 15.<\/span><\/p>\n<\/div><\/div><\/div><\/div><\/div><\/p>\n","protected":false},"excerpt":{"rendered":"","protected":false},"author":1,"featured_media":0,"parent":16,"menu_order":0,"comment_status":"closed","ping_status":"closed","template":"100-width.php","meta":{"footnotes":""},"class_list":["post-2464","page","type-page","status-publish","hentry"],"yoast_head":"<!-- This site is optimized with the Yoast SEO plugin v27.4 - https:\/\/yoast.com\/product\/yoast-seo-wordpress\/ -->\n<title>R\u00e9flexivit\u00e9 Ethique - P\u00e9dagogie &amp; Intelligence artificielle<\/title>\n<meta name=\"robots\" content=\"index, follow, max-snippet:-1, max-image-preview:large, max-video-preview:-1\" \/>\n<link rel=\"canonical\" href=\"https:\/\/ia-education.be\/?page_id=2464\" \/>\n<meta property=\"og:locale\" content=\"fr_FR\" \/>\n<meta property=\"og:type\" content=\"article\" \/>\n<meta property=\"og:title\" content=\"R\u00e9flexivit\u00e9 Ethique - P\u00e9dagogie &amp; Intelligence artificielle\" \/>\n<meta property=\"og:url\" content=\"https:\/\/ia-education.be\/?page_id=2464\" \/>\n<meta property=\"og:site_name\" content=\"P\u00e9dagogie &amp; Intelligence artificielle\" \/>\n<meta property=\"article:modified_time\" content=\"2026-02-27T08:47:03+00:00\" \/>\n<meta name=\"twitter:card\" content=\"summary_large_image\" \/>\n<script type=\"application\/ld+json\" class=\"yoast-schema-graph\">{\"@context\":\"https:\\\/\\\/schema.org\",\"@graph\":[{\"@type\":\"WebPage\",\"@id\":\"https:\\\/\\\/ia-education.be\\\/?page_id=2464\",\"url\":\"https:\\\/\\\/ia-education.be\\\/?page_id=2464\",\"name\":\"R\u00e9flexivit\u00e9 Ethique - P\u00e9dagogie &amp; Intelligence artificielle\",\"isPartOf\":{\"@id\":\"https:\\\/\\\/ia-education.be\\\/#website\"},\"datePublished\":\"2026-02-27T08:43:24+00:00\",\"dateModified\":\"2026-02-27T08:47:03+00:00\",\"breadcrumb\":{\"@id\":\"https:\\\/\\\/ia-education.be\\\/?page_id=2464#breadcrumb\"},\"inLanguage\":\"fr-BE\",\"potentialAction\":[{\"@type\":\"ReadAction\",\"target\":[\"https:\\\/\\\/ia-education.be\\\/?page_id=2464\"]}]},{\"@type\":\"BreadcrumbList\",\"@id\":\"https:\\\/\\\/ia-education.be\\\/?page_id=2464#breadcrumb\",\"itemListElement\":[{\"@type\":\"ListItem\",\"position\":1,\"name\":\"Accueil\",\"item\":\"https:\\\/\\\/ia-education.be\\\/\"},{\"@type\":\"ListItem\",\"position\":2,\"name\":\"Comp\u00e9tences\",\"item\":\"https:\\\/\\\/ia-education.be\\\/?page_id=16\"},{\"@type\":\"ListItem\",\"position\":3,\"name\":\"R\u00e9flexivit\u00e9 Ethique\"}]},{\"@type\":\"WebSite\",\"@id\":\"https:\\\/\\\/ia-education.be\\\/#website\",\"url\":\"https:\\\/\\\/ia-education.be\\\/\",\"name\":\"P\u00e9dagogie &amp; Intelligence artificielle\",\"description\":\"Apprendre avec efficience\",\"potentialAction\":[{\"@type\":\"SearchAction\",\"target\":{\"@type\":\"EntryPoint\",\"urlTemplate\":\"https:\\\/\\\/ia-education.be\\\/?s={search_term_string}\"},\"query-input\":{\"@type\":\"PropertyValueSpecification\",\"valueRequired\":true,\"valueName\":\"search_term_string\"}}],\"inLanguage\":\"fr-BE\"}]}<\/script>\n<!-- \/ Yoast SEO plugin. -->","yoast_head_json":{"title":"R\u00e9flexivit\u00e9 Ethique - P\u00e9dagogie &amp; Intelligence artificielle","robots":{"index":"index","follow":"follow","max-snippet":"max-snippet:-1","max-image-preview":"max-image-preview:large","max-video-preview":"max-video-preview:-1"},"canonical":"https:\/\/ia-education.be\/?page_id=2464","og_locale":"fr_FR","og_type":"article","og_title":"R\u00e9flexivit\u00e9 Ethique - P\u00e9dagogie &amp; Intelligence artificielle","og_url":"https:\/\/ia-education.be\/?page_id=2464","og_site_name":"P\u00e9dagogie &amp; Intelligence artificielle","article_modified_time":"2026-02-27T08:47:03+00:00","twitter_card":"summary_large_image","schema":{"@context":"https:\/\/schema.org","@graph":[{"@type":"WebPage","@id":"https:\/\/ia-education.be\/?page_id=2464","url":"https:\/\/ia-education.be\/?page_id=2464","name":"R\u00e9flexivit\u00e9 Ethique - P\u00e9dagogie &amp; Intelligence artificielle","isPartOf":{"@id":"https:\/\/ia-education.be\/#website"},"datePublished":"2026-02-27T08:43:24+00:00","dateModified":"2026-02-27T08:47:03+00:00","breadcrumb":{"@id":"https:\/\/ia-education.be\/?page_id=2464#breadcrumb"},"inLanguage":"fr-BE","potentialAction":[{"@type":"ReadAction","target":["https:\/\/ia-education.be\/?page_id=2464"]}]},{"@type":"BreadcrumbList","@id":"https:\/\/ia-education.be\/?page_id=2464#breadcrumb","itemListElement":[{"@type":"ListItem","position":1,"name":"Accueil","item":"https:\/\/ia-education.be\/"},{"@type":"ListItem","position":2,"name":"Comp\u00e9tences","item":"https:\/\/ia-education.be\/?page_id=16"},{"@type":"ListItem","position":3,"name":"R\u00e9flexivit\u00e9 Ethique"}]},{"@type":"WebSite","@id":"https:\/\/ia-education.be\/#website","url":"https:\/\/ia-education.be\/","name":"P\u00e9dagogie &amp; Intelligence artificielle","description":"Apprendre avec efficience","potentialAction":[{"@type":"SearchAction","target":{"@type":"EntryPoint","urlTemplate":"https:\/\/ia-education.be\/?s={search_term_string}"},"query-input":{"@type":"PropertyValueSpecification","valueRequired":true,"valueName":"search_term_string"}}],"inLanguage":"fr-BE"}]}},"_links":{"self":[{"href":"https:\/\/ia-education.be\/index.php?rest_route=\/wp\/v2\/pages\/2464","targetHints":{"allow":["GET"]}}],"collection":[{"href":"https:\/\/ia-education.be\/index.php?rest_route=\/wp\/v2\/pages"}],"about":[{"href":"https:\/\/ia-education.be\/index.php?rest_route=\/wp\/v2\/types\/page"}],"author":[{"embeddable":true,"href":"https:\/\/ia-education.be\/index.php?rest_route=\/wp\/v2\/users\/1"}],"replies":[{"embeddable":true,"href":"https:\/\/ia-education.be\/index.php?rest_route=%2Fwp%2Fv2%2Fcomments&post=2464"}],"version-history":[{"count":2,"href":"https:\/\/ia-education.be\/index.php?rest_route=\/wp\/v2\/pages\/2464\/revisions"}],"predecessor-version":[{"id":2467,"href":"https:\/\/ia-education.be\/index.php?rest_route=\/wp\/v2\/pages\/2464\/revisions\/2467"}],"up":[{"embeddable":true,"href":"https:\/\/ia-education.be\/index.php?rest_route=\/wp\/v2\/pages\/16"}],"wp:attachment":[{"href":"https:\/\/ia-education.be\/index.php?rest_route=%2Fwp%2Fv2%2Fmedia&parent=2464"}],"curies":[{"name":"wp","href":"https:\/\/api.w.org\/{rel}","templated":true}]}}