{"id":2511,"date":"2026-03-08T15:27:49","date_gmt":"2026-03-08T15:27:49","guid":{"rendered":"https:\/\/ia-education.be\/?page_id=2511"},"modified":"2026-03-08T17:02:36","modified_gmt":"2026-03-08T17:02:36","slug":"veille-numerique","status":"publish","type":"page","link":"https:\/\/ia-education.be\/?page_id=2511","title":{"rendered":"Veille num\u00e9rique"},"content":{"rendered":"<p><div class=\"fusion-fullwidth fullwidth-box fusion-builder-row-1 fusion-flex-container has-pattern-background has-mask-background nonhundred-percent-fullwidth non-hundred-percent-height-scrolling\" style=\"--awb-border-radius-top-left:0px;--awb-border-radius-top-right:0px;--awb-border-radius-bottom-right:0px;--awb-border-radius-bottom-left:0px;--awb-background-color:#5078a0;--awb-flex-wrap:wrap;\" ><div class=\"fusion-builder-row fusion-row fusion-flex-align-items-flex-start fusion-flex-content-wrap\" style=\"max-width:1248px;margin-left: calc(-4% \/ 2 );margin-right: calc(-4% \/ 2 );\"><div class=\"fusion-layout-column fusion_builder_column fusion-builder-column-0 fusion_builder_column_1_1 1_1 fusion-flex-column\" style=\"--awb-bg-size:cover;--awb-width-large:100%;--awb-margin-top-large:0px;--awb-spacing-right-large:1.92%;--awb-margin-bottom-large:20px;--awb-spacing-left-large:1.92%;--awb-width-medium:100%;--awb-order-medium:0;--awb-spacing-right-medium:1.92%;--awb-spacing-left-medium:1.92%;--awb-width-small:100%;--awb-order-small:0;--awb-spacing-right-small:1.92%;--awb-spacing-left-small:1.92%;\"><div class=\"fusion-column-wrapper fusion-column-has-shadow fusion-flex-justify-content-flex-start fusion-content-layout-column\"><div class=\"fusion-title title fusion-title-1 fusion-sep-none fusion-title-text fusion-title-size-one\" style=\"--awb-text-color:#ffffff;--awb-margin-top-small:10px;--awb-margin-right-small:0px;--awb-margin-bottom-small:10px;--awb-margin-left-small:0px;\"><h1 class=\"fusion-title-heading title-heading-left fusion-responsive-typography-calculated\" style=\"margin:0;--fontSize:64;line-height:var(--awb-typography1-line-height);\">Veille num\u00e9rique<\/h1><\/div><\/div><\/div><\/div><\/div><div class=\"fusion-fullwidth fullwidth-box fusion-builder-row-2 fusion-flex-container has-pattern-background has-mask-background nonhundred-percent-fullwidth non-hundred-percent-height-scrolling\" style=\"--awb-border-radius-top-left:0px;--awb-border-radius-top-right:0px;--awb-border-radius-bottom-right:0px;--awb-border-radius-bottom-left:0px;--awb-flex-wrap:wrap;\" ><div class=\"fusion-builder-row fusion-row fusion-flex-align-items-flex-start fusion-flex-content-wrap\" style=\"max-width:1248px;margin-left: calc(-4% \/ 2 );margin-right: calc(-4% \/ 2 );\"><div class=\"fusion-layout-column fusion_builder_column fusion-builder-column-1 fusion_builder_column_1_2 1_2 fusion-flex-column\" style=\"--awb-bg-size:cover;--awb-width-large:50%;--awb-margin-top-large:0px;--awb-spacing-right-large:3.84%;--awb-margin-bottom-large:20px;--awb-spacing-left-large:3.84%;--awb-width-medium:50%;--awb-order-medium:0;--awb-spacing-right-medium:3.84%;--awb-spacing-left-medium:3.84%;--awb-width-small:100%;--awb-order-small:0;--awb-spacing-right-small:1.92%;--awb-spacing-left-small:1.92%;\"><div class=\"fusion-column-wrapper fusion-column-has-shadow fusion-flex-justify-content-flex-start fusion-content-layout-column\"><\/div><\/div><div class=\"fusion-layout-column fusion_builder_column fusion-builder-column-2 fusion_builder_column_1_2 1_2 fusion-flex-column\" style=\"--awb-bg-size:cover;--awb-width-large:50%;--awb-margin-top-large:0px;--awb-spacing-right-large:3.84%;--awb-margin-bottom-large:20px;--awb-spacing-left-large:3.84%;--awb-width-medium:50%;--awb-order-medium:0;--awb-spacing-right-medium:3.84%;--awb-spacing-left-medium:3.84%;--awb-width-small:100%;--awb-order-small:0;--awb-spacing-right-small:1.92%;--awb-spacing-left-small:1.92%;\"><div class=\"fusion-column-wrapper fusion-column-has-shadow fusion-flex-justify-content-flex-start fusion-content-layout-column\"><\/div><\/div><\/div><\/div><div class=\"fusion-fullwidth fullwidth-box fusion-builder-row-3 fusion-flex-container has-pattern-background has-mask-background nonhundred-percent-fullwidth non-hundred-percent-height-scrolling\" style=\"--awb-border-radius-top-left:0px;--awb-border-radius-top-right:0px;--awb-border-radius-bottom-right:0px;--awb-border-radius-bottom-left:0px;--awb-flex-wrap:wrap;\" ><div class=\"fusion-builder-row fusion-row fusion-flex-align-items-flex-start fusion-flex-content-wrap\" style=\"max-width:1248px;margin-left: calc(-4% \/ 2 );margin-right: calc(-4% \/ 2 );\"><div class=\"fusion-layout-column fusion_builder_column fusion-builder-column-3 fusion_builder_column_1_1 1_1 fusion-flex-column\" style=\"--awb-bg-size:cover;--awb-width-large:100%;--awb-margin-top-large:0px;--awb-spacing-right-large:1.92%;--awb-margin-bottom-large:20px;--awb-spacing-left-large:1.92%;--awb-width-medium:100%;--awb-order-medium:0;--awb-spacing-right-medium:1.92%;--awb-spacing-left-medium:1.92%;--awb-width-small:100%;--awb-order-small:0;--awb-spacing-right-small:1.92%;--awb-spacing-left-small:1.92%;\"><div class=\"fusion-column-wrapper fusion-column-has-shadow fusion-flex-justify-content-flex-start fusion-content-layout-column\"><div class=\"fusion-text fusion-text-1\"><p>Dans le cadre de ce site, nous vous propons une <a href=\"https:\/\/www.notion.so\/30b5edd2ecbf80158b3cc3af81e5cf9a?v=30b5edd2ecbf8022ad4f000ccc2e9d24&amp;source=copy_link\">veille num\u00e9rique (cliquez ici)<\/a> qui devrait vous aider \u00e0 trouver les outils pour d\u00e9velopper votre connaissances, vos comp\u00e9tences ou vous aider \u00e0 r\u00e9aliser diff\u00e9rentes resssources pour vos \u00e9l\u00e8ves.<\/p>\n<p>Afin de vous aider dans votre rechercher, nh\u00e9sitez pas \u00e0 utiliser les diff\u00e9rents filtres.<\/p>\n<p>Voici la typologie utilis\u00e9e qui correspond pas en premier lieu \u00e0 un filtre th\u00e9matique puis \u00e0 une filtre \u00ab\u00a0types\u00a0\u00bb<\/p>\n<p>Am\u00e9nagements raisonnables : applications pour aider les \u00e9l\u00e8ves<\/p>\n<p>Banques : d&rsquo;applications<\/p>\n<p>Connaissance : site pour d\u00e9velopper vos connaissances sur l&rsquo;IA<\/p>\n<p>Cours : outils \u00e0 int\u00e9grer dans un cours<\/p>\n<p>Cr\u00e9ation : outils de production d&rsquo;images, de vid\u00e9os ou de podcasts (sons &#8211; voix)<\/p>\n<p>Formation : outils pour d\u00e9velopper vos comp\u00e9tences<\/p>\n<p>Ludop\u00e9dagogie : outils pour jouer ou cr\u00e9er des jeux<\/p>\n<p>P\u00e9dagogie : mod\u00e8les d&rsquo;apprentissage<\/p>\n<p>M\u00e9thodes de travail : outils de sch\u00e9matisation<\/p><\/p>\n<\/div><\/div><\/div><\/div><\/div><\/p>\n","protected":false},"excerpt":{"rendered":"","protected":false},"author":1,"featured_media":0,"parent":20,"menu_order":0,"comment_status":"closed","ping_status":"closed","template":"100-width.php","meta":{"footnotes":""},"class_list":["post-2511","page","type-page","status-publish","hentry"],"yoast_head":"<!-- This site is optimized with the Yoast SEO plugin v27.4 - https:\/\/yoast.com\/product\/yoast-seo-wordpress\/ -->\n<title>Veille num\u00e9rique - P\u00e9dagogie &amp; Intelligence artificielle<\/title>\n<meta name=\"robots\" content=\"index, follow, max-snippet:-1, max-image-preview:large, max-video-preview:-1\" \/>\n<link rel=\"canonical\" href=\"https:\/\/ia-education.be\/?page_id=2511\" \/>\n<meta property=\"og:locale\" content=\"fr_FR\" \/>\n<meta property=\"og:type\" content=\"article\" \/>\n<meta property=\"og:title\" content=\"Veille num\u00e9rique - P\u00e9dagogie &amp; Intelligence artificielle\" \/>\n<meta property=\"og:url\" content=\"https:\/\/ia-education.be\/?page_id=2511\" \/>\n<meta property=\"og:site_name\" content=\"P\u00e9dagogie &amp; Intelligence artificielle\" \/>\n<meta property=\"article:modified_time\" content=\"2026-03-08T17:02:36+00:00\" \/>\n<meta name=\"twitter:card\" content=\"summary_large_image\" \/>\n<script type=\"application\/ld+json\" class=\"yoast-schema-graph\">{\"@context\":\"https:\\\/\\\/schema.org\",\"@graph\":[{\"@type\":\"WebPage\",\"@id\":\"https:\\\/\\\/ia-education.be\\\/?page_id=2511\",\"url\":\"https:\\\/\\\/ia-education.be\\\/?page_id=2511\",\"name\":\"Veille num\u00e9rique - P\u00e9dagogie &amp; Intelligence artificielle\",\"isPartOf\":{\"@id\":\"https:\\\/\\\/ia-education.be\\\/#website\"},\"datePublished\":\"2026-03-08T15:27:49+00:00\",\"dateModified\":\"2026-03-08T17:02:36+00:00\",\"breadcrumb\":{\"@id\":\"https:\\\/\\\/ia-education.be\\\/?page_id=2511#breadcrumb\"},\"inLanguage\":\"fr-BE\",\"potentialAction\":[{\"@type\":\"ReadAction\",\"target\":[\"https:\\\/\\\/ia-education.be\\\/?page_id=2511\"]}]},{\"@type\":\"BreadcrumbList\",\"@id\":\"https:\\\/\\\/ia-education.be\\\/?page_id=2511#breadcrumb\",\"itemListElement\":[{\"@type\":\"ListItem\",\"position\":1,\"name\":\"Accueil\",\"item\":\"https:\\\/\\\/ia-education.be\\\/\"},{\"@type\":\"ListItem\",\"position\":2,\"name\":\"Aides\",\"item\":\"https:\\\/\\\/ia-education.be\\\/?page_id=20\"},{\"@type\":\"ListItem\",\"position\":3,\"name\":\"Veille num\u00e9rique\"}]},{\"@type\":\"WebSite\",\"@id\":\"https:\\\/\\\/ia-education.be\\\/#website\",\"url\":\"https:\\\/\\\/ia-education.be\\\/\",\"name\":\"P\u00e9dagogie &amp; Intelligence artificielle\",\"description\":\"Apprendre avec efficience\",\"potentialAction\":[{\"@type\":\"SearchAction\",\"target\":{\"@type\":\"EntryPoint\",\"urlTemplate\":\"https:\\\/\\\/ia-education.be\\\/?s={search_term_string}\"},\"query-input\":{\"@type\":\"PropertyValueSpecification\",\"valueRequired\":true,\"valueName\":\"search_term_string\"}}],\"inLanguage\":\"fr-BE\"}]}<\/script>\n<!-- \/ Yoast SEO plugin. -->","yoast_head_json":{"title":"Veille num\u00e9rique - P\u00e9dagogie &amp; Intelligence artificielle","robots":{"index":"index","follow":"follow","max-snippet":"max-snippet:-1","max-image-preview":"max-image-preview:large","max-video-preview":"max-video-preview:-1"},"canonical":"https:\/\/ia-education.be\/?page_id=2511","og_locale":"fr_FR","og_type":"article","og_title":"Veille num\u00e9rique - P\u00e9dagogie &amp; Intelligence artificielle","og_url":"https:\/\/ia-education.be\/?page_id=2511","og_site_name":"P\u00e9dagogie &amp; Intelligence artificielle","article_modified_time":"2026-03-08T17:02:36+00:00","twitter_card":"summary_large_image","schema":{"@context":"https:\/\/schema.org","@graph":[{"@type":"WebPage","@id":"https:\/\/ia-education.be\/?page_id=2511","url":"https:\/\/ia-education.be\/?page_id=2511","name":"Veille num\u00e9rique - P\u00e9dagogie &amp; Intelligence artificielle","isPartOf":{"@id":"https:\/\/ia-education.be\/#website"},"datePublished":"2026-03-08T15:27:49+00:00","dateModified":"2026-03-08T17:02:36+00:00","breadcrumb":{"@id":"https:\/\/ia-education.be\/?page_id=2511#breadcrumb"},"inLanguage":"fr-BE","potentialAction":[{"@type":"ReadAction","target":["https:\/\/ia-education.be\/?page_id=2511"]}]},{"@type":"BreadcrumbList","@id":"https:\/\/ia-education.be\/?page_id=2511#breadcrumb","itemListElement":[{"@type":"ListItem","position":1,"name":"Accueil","item":"https:\/\/ia-education.be\/"},{"@type":"ListItem","position":2,"name":"Aides","item":"https:\/\/ia-education.be\/?page_id=20"},{"@type":"ListItem","position":3,"name":"Veille num\u00e9rique"}]},{"@type":"WebSite","@id":"https:\/\/ia-education.be\/#website","url":"https:\/\/ia-education.be\/","name":"P\u00e9dagogie &amp; Intelligence artificielle","description":"Apprendre avec efficience","potentialAction":[{"@type":"SearchAction","target":{"@type":"EntryPoint","urlTemplate":"https:\/\/ia-education.be\/?s={search_term_string}"},"query-input":{"@type":"PropertyValueSpecification","valueRequired":true,"valueName":"search_term_string"}}],"inLanguage":"fr-BE"}]}},"_links":{"self":[{"href":"https:\/\/ia-education.be\/index.php?rest_route=\/wp\/v2\/pages\/2511","targetHints":{"allow":["GET"]}}],"collection":[{"href":"https:\/\/ia-education.be\/index.php?rest_route=\/wp\/v2\/pages"}],"about":[{"href":"https:\/\/ia-education.be\/index.php?rest_route=\/wp\/v2\/types\/page"}],"author":[{"embeddable":true,"href":"https:\/\/ia-education.be\/index.php?rest_route=\/wp\/v2\/users\/1"}],"replies":[{"embeddable":true,"href":"https:\/\/ia-education.be\/index.php?rest_route=%2Fwp%2Fv2%2Fcomments&post=2511"}],"version-history":[{"count":3,"href":"https:\/\/ia-education.be\/index.php?rest_route=\/wp\/v2\/pages\/2511\/revisions"}],"predecessor-version":[{"id":2515,"href":"https:\/\/ia-education.be\/index.php?rest_route=\/wp\/v2\/pages\/2511\/revisions\/2515"}],"up":[{"embeddable":true,"href":"https:\/\/ia-education.be\/index.php?rest_route=\/wp\/v2\/pages\/20"}],"wp:attachment":[{"href":"https:\/\/ia-education.be\/index.php?rest_route=%2Fwp%2Fv2%2Fmedia&parent=2511"}],"curies":[{"name":"wp","href":"https:\/\/api.w.org\/{rel}","templated":true}]}}