{"id":3271,"date":"2026-04-18T10:45:10","date_gmt":"2026-04-18T10:45:10","guid":{"rendered":"https:\/\/ia-education.be\/?page_id=3271"},"modified":"2026-04-18T10:45:47","modified_gmt":"2026-04-18T10:45:47","slug":"reponse-photos","status":"publish","type":"page","link":"https:\/\/ia-education.be\/?page_id=3271","title":{"rendered":"r\u00e9ponse photos"},"content":{"rendered":"<div class=\"fusion-fullwidth fullwidth-box fusion-builder-row-1 fusion-flex-container has-pattern-background has-mask-background nonhundred-percent-fullwidth non-hundred-percent-height-scrolling\" style=\"--awb-border-radius-top-left:0px;--awb-border-radius-top-right:0px;--awb-border-radius-bottom-right:0px;--awb-border-radius-bottom-left:0px;--awb-flex-wrap:wrap;\" ><div class=\"fusion-builder-row fusion-row fusion-flex-align-items-flex-start fusion-flex-content-wrap\" style=\"max-width:1248px;margin-left: calc(-4% \/ 2 );margin-right: calc(-4% \/ 2 );\"><div class=\"fusion-layout-column fusion_builder_column fusion-builder-column-0 fusion_builder_column_1_1 1_1 fusion-flex-column\" style=\"--awb-bg-size:cover;--awb-width-large:100%;--awb-margin-top-large:0px;--awb-spacing-right-large:1.92%;--awb-margin-bottom-large:20px;--awb-spacing-left-large:1.92%;--awb-width-medium:100%;--awb-order-medium:0;--awb-spacing-right-medium:1.92%;--awb-spacing-left-medium:1.92%;--awb-width-small:100%;--awb-order-small:0;--awb-spacing-right-small:1.92%;--awb-spacing-left-small:1.92%;\"><div class=\"fusion-column-wrapper fusion-column-has-shadow fusion-flex-justify-content-flex-start fusion-content-layout-column\"><div class=\"fusion-text fusion-text-1\"><p>6 \u2192 Sujet principal<\/p>\n<p>\ud83d\udc49 Ce qui change :<\/p>\n<p>Enseignant seul<\/p>\n<p>Tableau vide<\/p>\n<p>Pas ou peu d\u2019\u00e9l\u00e8ves visibles<\/p>\n<p>\u27a1\ufe0f On pose uniquement le d\u00e9cor de base (qui ? o\u00f9 ?)<\/p>\n<p>1 \u2192 Ajout du contexte classe<\/p>\n<p>\ud83d\udc49 Ce qui change :<\/p>\n<p>Apparition des \u00e9l\u00e8ves en \u00eelots<\/p>\n<p>Tables, feuilles, mat\u00e9riel<\/p>\n<p>Organisation de la classe visible<\/p>\n<p>\u27a1\ufe0f On comprend la situation d\u2019apprentissage<\/p>\n<p>2 \u2192 Son action<\/p>\n<p>\ud83d\udc49 Ce qui change :<\/p>\n<p>Le professeur l\u00e8ve le bras<\/p>\n<p>D\u00e9but d\u2019un sch\u00e9ma au tableau<\/p>\n<p>\u27a1\ufe0f L\u2019enseignant devient actif (il explique)<\/p>\n<p>3 \u2192 M\u00e9dia et style<\/p>\n<p>\ud83d\udc49 Ce qui change :<\/p>\n<p>Le tableau est plus structur\u00e9 (sch\u00e9mas plus nets)<\/p>\n<p>Image plus propre, plus \u201cillustr\u00e9e\u201d<\/p>\n<p>\u27a1\ufe0f On voit le type de rendu (illustration p\u00e9dagogique)<\/p>\n<p>4 \u2192 Ambiance, couleurs<\/p>\n<p>\ud83d\udc49 Ce qui change :<\/p>\n<p>Couleurs plus chaleureuses<\/p>\n<p>Lumi\u00e8re plus agr\u00e9able<\/p>\n<p>Impression de classe vivante<\/p>\n<p>\u27a1\ufe0f L\u2019atmosph\u00e8re devient engageante<\/p>\n<p>5 \u2192 \u00c9clairage (image finale)<\/p>\n<p>\ud83d\udc49 Ce qui change :<\/p>\n<p>Lumi\u00e8re naturelle + \u00e9quilibre global<\/p>\n<p>D\u00e9tails plus riches (visages, objets)<\/p>\n<p>\u27a1\ufe0f Image compl\u00e8te et r\u00e9aliste<\/p>\n<p>\u2705 Code final :<\/p>\n<p>612345<\/p>\n<\/div><\/div><\/div><\/div><\/div>\n","protected":false},"excerpt":{"rendered":"","protected":false},"author":1,"featured_media":0,"parent":1444,"menu_order":0,"comment_status":"closed","ping_status":"closed","template":"100-width.php","meta":{"footnotes":""},"class_list":["post-3271","page","type-page","status-publish","hentry"],"yoast_head":"<!-- This site is optimized with the Yoast SEO plugin v27.4 - https:\/\/yoast.com\/product\/yoast-seo-wordpress\/ -->\n<title>r\u00e9ponse photos - P\u00e9dagogie &amp; Intelligence artificielle<\/title>\n<meta name=\"robots\" content=\"index, follow, max-snippet:-1, max-image-preview:large, max-video-preview:-1\" \/>\n<link rel=\"canonical\" href=\"https:\/\/ia-education.be\/?page_id=3271\" \/>\n<meta property=\"og:locale\" content=\"fr_FR\" \/>\n<meta property=\"og:type\" content=\"article\" \/>\n<meta property=\"og:title\" content=\"r\u00e9ponse photos - P\u00e9dagogie &amp; Intelligence artificielle\" \/>\n<meta property=\"og:url\" content=\"https:\/\/ia-education.be\/?page_id=3271\" \/>\n<meta property=\"og:site_name\" content=\"P\u00e9dagogie &amp; Intelligence artificielle\" \/>\n<meta property=\"article:modified_time\" content=\"2026-04-18T10:45:47+00:00\" \/>\n<meta name=\"twitter:card\" content=\"summary_large_image\" \/>\n<script type=\"application\/ld+json\" class=\"yoast-schema-graph\">{\"@context\":\"https:\\\/\\\/schema.org\",\"@graph\":[{\"@type\":\"WebPage\",\"@id\":\"https:\\\/\\\/ia-education.be\\\/?page_id=3271\",\"url\":\"https:\\\/\\\/ia-education.be\\\/?page_id=3271\",\"name\":\"r\u00e9ponse photos - P\u00e9dagogie &amp; Intelligence artificielle\",\"isPartOf\":{\"@id\":\"https:\\\/\\\/ia-education.be\\\/#website\"},\"datePublished\":\"2026-04-18T10:45:10+00:00\",\"dateModified\":\"2026-04-18T10:45:47+00:00\",\"breadcrumb\":{\"@id\":\"https:\\\/\\\/ia-education.be\\\/?page_id=3271#breadcrumb\"},\"inLanguage\":\"fr-BE\",\"potentialAction\":[{\"@type\":\"ReadAction\",\"target\":[\"https:\\\/\\\/ia-education.be\\\/?page_id=3271\"]}]},{\"@type\":\"BreadcrumbList\",\"@id\":\"https:\\\/\\\/ia-education.be\\\/?page_id=3271#breadcrumb\",\"itemListElement\":[{\"@type\":\"ListItem\",\"position\":1,\"name\":\"Accueil\",\"item\":\"https:\\\/\\\/ia-education.be\\\/\"},{\"@type\":\"ListItem\",\"position\":2,\"name\":\"Approfondissement IA\",\"item\":\"https:\\\/\\\/ia-education.be\\\/?page_id=1444\"},{\"@type\":\"ListItem\",\"position\":3,\"name\":\"r\u00e9ponse photos\"}]},{\"@type\":\"WebSite\",\"@id\":\"https:\\\/\\\/ia-education.be\\\/#website\",\"url\":\"https:\\\/\\\/ia-education.be\\\/\",\"name\":\"P\u00e9dagogie &amp; Intelligence artificielle\",\"description\":\"Apprendre avec efficience\",\"potentialAction\":[{\"@type\":\"SearchAction\",\"target\":{\"@type\":\"EntryPoint\",\"urlTemplate\":\"https:\\\/\\\/ia-education.be\\\/?s={search_term_string}\"},\"query-input\":{\"@type\":\"PropertyValueSpecification\",\"valueRequired\":true,\"valueName\":\"search_term_string\"}}],\"inLanguage\":\"fr-BE\"}]}<\/script>\n<!-- \/ Yoast SEO plugin. -->","yoast_head_json":{"title":"r\u00e9ponse photos - P\u00e9dagogie &amp; Intelligence artificielle","robots":{"index":"index","follow":"follow","max-snippet":"max-snippet:-1","max-image-preview":"max-image-preview:large","max-video-preview":"max-video-preview:-1"},"canonical":"https:\/\/ia-education.be\/?page_id=3271","og_locale":"fr_FR","og_type":"article","og_title":"r\u00e9ponse photos - P\u00e9dagogie &amp; Intelligence artificielle","og_url":"https:\/\/ia-education.be\/?page_id=3271","og_site_name":"P\u00e9dagogie &amp; Intelligence artificielle","article_modified_time":"2026-04-18T10:45:47+00:00","twitter_card":"summary_large_image","schema":{"@context":"https:\/\/schema.org","@graph":[{"@type":"WebPage","@id":"https:\/\/ia-education.be\/?page_id=3271","url":"https:\/\/ia-education.be\/?page_id=3271","name":"r\u00e9ponse photos - P\u00e9dagogie &amp; Intelligence artificielle","isPartOf":{"@id":"https:\/\/ia-education.be\/#website"},"datePublished":"2026-04-18T10:45:10+00:00","dateModified":"2026-04-18T10:45:47+00:00","breadcrumb":{"@id":"https:\/\/ia-education.be\/?page_id=3271#breadcrumb"},"inLanguage":"fr-BE","potentialAction":[{"@type":"ReadAction","target":["https:\/\/ia-education.be\/?page_id=3271"]}]},{"@type":"BreadcrumbList","@id":"https:\/\/ia-education.be\/?page_id=3271#breadcrumb","itemListElement":[{"@type":"ListItem","position":1,"name":"Accueil","item":"https:\/\/ia-education.be\/"},{"@type":"ListItem","position":2,"name":"Approfondissement IA","item":"https:\/\/ia-education.be\/?page_id=1444"},{"@type":"ListItem","position":3,"name":"r\u00e9ponse photos"}]},{"@type":"WebSite","@id":"https:\/\/ia-education.be\/#website","url":"https:\/\/ia-education.be\/","name":"P\u00e9dagogie &amp; Intelligence artificielle","description":"Apprendre avec efficience","potentialAction":[{"@type":"SearchAction","target":{"@type":"EntryPoint","urlTemplate":"https:\/\/ia-education.be\/?s={search_term_string}"},"query-input":{"@type":"PropertyValueSpecification","valueRequired":true,"valueName":"search_term_string"}}],"inLanguage":"fr-BE"}]}},"_links":{"self":[{"href":"https:\/\/ia-education.be\/index.php?rest_route=\/wp\/v2\/pages\/3271","targetHints":{"allow":["GET"]}}],"collection":[{"href":"https:\/\/ia-education.be\/index.php?rest_route=\/wp\/v2\/pages"}],"about":[{"href":"https:\/\/ia-education.be\/index.php?rest_route=\/wp\/v2\/types\/page"}],"author":[{"embeddable":true,"href":"https:\/\/ia-education.be\/index.php?rest_route=\/wp\/v2\/users\/1"}],"replies":[{"embeddable":true,"href":"https:\/\/ia-education.be\/index.php?rest_route=%2Fwp%2Fv2%2Fcomments&post=3271"}],"version-history":[{"count":2,"href":"https:\/\/ia-education.be\/index.php?rest_route=\/wp\/v2\/pages\/3271\/revisions"}],"predecessor-version":[{"id":3273,"href":"https:\/\/ia-education.be\/index.php?rest_route=\/wp\/v2\/pages\/3271\/revisions\/3273"}],"up":[{"embeddable":true,"href":"https:\/\/ia-education.be\/index.php?rest_route=\/wp\/v2\/pages\/1444"}],"wp:attachment":[{"href":"https:\/\/ia-education.be\/index.php?rest_route=%2Fwp%2Fv2%2Fmedia&parent=3271"}],"curies":[{"name":"wp","href":"https:\/\/api.w.org\/{rel}","templated":true}]}}