{"id":3310,"date":"2026-04-18T18:13:39","date_gmt":"2026-04-18T18:13:39","guid":{"rendered":"https:\/\/ia-education.be\/?page_id=3310"},"modified":"2026-04-18T18:20:35","modified_gmt":"2026-04-18T18:20:35","slug":"action","status":"publish","type":"page","link":"https:\/\/ia-education.be\/?page_id=3310","title":{"rendered":"Action"},"content":{"rendered":"<p><div class=\"fusion-fullwidth fullwidth-box fusion-builder-row-1 fusion-flex-container has-pattern-background has-mask-background nonhundred-percent-fullwidth non-hundred-percent-height-scrolling\" style=\"--awb-border-radius-top-left:0px;--awb-border-radius-top-right:0px;--awb-border-radius-bottom-right:0px;--awb-border-radius-bottom-left:0px;--awb-background-color:#5078a0;--awb-flex-wrap:wrap;\" ><div class=\"fusion-builder-row fusion-row fusion-flex-align-items-flex-start fusion-flex-content-wrap\" style=\"max-width:1248px;margin-left: calc(-4% \/ 2 );margin-right: calc(-4% \/ 2 );\"><div class=\"fusion-layout-column fusion_builder_column fusion-builder-column-0 fusion_builder_column_1_1 1_1 fusion-flex-column\" style=\"--awb-bg-size:cover;--awb-width-large:100%;--awb-margin-top-large:0px;--awb-spacing-right-large:1.92%;--awb-margin-bottom-large:20px;--awb-spacing-left-large:1.92%;--awb-width-medium:100%;--awb-order-medium:0;--awb-spacing-right-medium:1.92%;--awb-spacing-left-medium:1.92%;--awb-width-small:100%;--awb-order-small:0;--awb-spacing-right-small:1.92%;--awb-spacing-left-small:1.92%;\"><div class=\"fusion-column-wrapper fusion-column-has-shadow fusion-flex-justify-content-flex-start fusion-content-layout-column\"><div class=\"fusion-title title fusion-title-1 fusion-sep-none fusion-title-text fusion-title-size-one\" style=\"--awb-text-color:#ffffff;--awb-margin-top-small:10px;--awb-margin-right-small:0px;--awb-margin-bottom-small:10px;--awb-margin-left-small:0px;\"><h1 class=\"fusion-title-heading title-heading-left fusion-responsive-typography-calculated\" style=\"margin:0;--fontSize:64;line-height:var(--awb-typography1-line-height);\">Activit\u00e9s<\/h1><\/div><\/div><\/div><\/div><\/div><div class=\"fusion-fullwidth fullwidth-box fusion-builder-row-2 fusion-flex-container has-pattern-background has-mask-background nonhundred-percent-fullwidth non-hundred-percent-height-scrolling\" style=\"--awb-border-radius-top-left:0px;--awb-border-radius-top-right:0px;--awb-border-radius-bottom-right:0px;--awb-border-radius-bottom-left:0px;--awb-flex-wrap:wrap;\" ><div class=\"fusion-builder-row fusion-row fusion-flex-align-items-flex-start fusion-flex-content-wrap\" style=\"max-width:1248px;margin-left: calc(-4% \/ 2 );margin-right: calc(-4% \/ 2 );\"><div class=\"fusion-layout-column fusion_builder_column fusion-builder-column-1 fusion_builder_column_1_1 1_1 fusion-flex-column\" style=\"--awb-bg-size:cover;--awb-width-large:100%;--awb-margin-top-large:0px;--awb-spacing-right-large:1.92%;--awb-margin-bottom-large:20px;--awb-spacing-left-large:1.92%;--awb-width-medium:100%;--awb-order-medium:0;--awb-spacing-right-medium:1.92%;--awb-spacing-left-medium:1.92%;--awb-width-small:100%;--awb-order-small:0;--awb-spacing-right-small:1.92%;--awb-spacing-left-small:1.92%;\"><div class=\"fusion-column-wrapper fusion-column-has-shadow fusion-flex-justify-content-flex-start fusion-content-layout-column\"><\/div><\/div><\/div><\/div><div class=\"fusion-fullwidth fullwidth-box fusion-builder-row-3 fusion-flex-container has-pattern-background has-mask-background nonhundred-percent-fullwidth non-hundred-percent-height-scrolling\" style=\"--awb-border-radius-top-left:0px;--awb-border-radius-top-right:0px;--awb-border-radius-bottom-right:0px;--awb-border-radius-bottom-left:0px;--awb-flex-wrap:wrap;\" ><div class=\"fusion-builder-row fusion-row fusion-flex-align-items-flex-start fusion-flex-content-wrap\" style=\"max-width:1248px;margin-left: calc(-4% \/ 2 );margin-right: calc(-4% \/ 2 );\"><div class=\"fusion-layout-column fusion_builder_column fusion-builder-column-2 fusion_builder_column_1_2 1_2 fusion-flex-column\" style=\"--awb-bg-size:cover;--awb-width-large:50%;--awb-margin-top-large:0px;--awb-spacing-right-large:3.84%;--awb-margin-bottom-large:20px;--awb-spacing-left-large:3.84%;--awb-width-medium:50%;--awb-order-medium:0;--awb-spacing-right-medium:3.84%;--awb-spacing-left-medium:3.84%;--awb-width-small:100%;--awb-order-small:0;--awb-spacing-right-small:1.92%;--awb-spacing-left-small:1.92%;\"><div class=\"fusion-column-wrapper fusion-column-has-shadow fusion-flex-justify-content-flex-start fusion-content-layout-column\"><div class=\"fusion-title title fusion-title-2 fusion-sep-none fusion-title-text fusion-title-size-three\" style=\"--awb-margin-top-small:10px;--awb-margin-right-small:0px;--awb-margin-bottom-small:10px;--awb-margin-left-small:0px;\"><h3 class=\"fusion-title-heading title-heading-left fusion-responsive-typography-calculated\" style=\"margin:0;--fontSize:36;line-height:var(--awb-typography1-line-height);\">Par comp\u00e9tences<\/h3><\/div><\/div><\/div><div class=\"fusion-layout-column fusion_builder_column fusion-builder-column-3 fusion_builder_column_1_2 1_2 fusion-flex-column\" style=\"--awb-bg-size:cover;--awb-width-large:50%;--awb-margin-top-large:0px;--awb-spacing-right-large:3.84%;--awb-margin-bottom-large:20px;--awb-spacing-left-large:3.84%;--awb-width-medium:50%;--awb-order-medium:0;--awb-spacing-right-medium:3.84%;--awb-spacing-left-medium:3.84%;--awb-width-small:100%;--awb-order-small:0;--awb-spacing-right-small:1.92%;--awb-spacing-left-small:1.92%;\"><div class=\"fusion-column-wrapper fusion-column-has-shadow fusion-flex-justify-content-flex-start fusion-content-layout-column\"><div class=\"fusion-title title fusion-title-3 fusion-sep-none fusion-title-text fusion-title-size-three\" style=\"--awb-margin-top-small:10px;--awb-margin-right-small:0px;--awb-margin-bottom-small:10px;--awb-margin-left-small:0px;\"><h3 class=\"fusion-title-heading title-heading-left fusion-responsive-typography-calculated\" style=\"margin:0;--fontSize:36;line-height:var(--awb-typography1-line-height);\">Par ordre alphab\u00e9tique<\/h3><\/div><\/div><\/div><\/div><\/div><div class=\"fusion-fullwidth fullwidth-box fusion-builder-row-4 fusion-flex-container has-pattern-background has-mask-background nonhundred-percent-fullwidth non-hundred-percent-height-scrolling\" style=\"--awb-border-radius-top-left:0px;--awb-border-radius-top-right:0px;--awb-border-radius-bottom-right:0px;--awb-border-radius-bottom-left:0px;--awb-flex-wrap:wrap;\" ><div class=\"fusion-builder-row fusion-row fusion-flex-align-items-flex-start fusion-flex-content-wrap\" style=\"max-width:1248px;margin-left: calc(-4% \/ 2 );margin-right: calc(-4% \/ 2 );\"><div class=\"fusion-layout-column fusion_builder_column fusion-builder-column-4 fusion_builder_column_1_2 1_2 fusion-flex-column\" style=\"--awb-bg-size:cover;--awb-width-large:50%;--awb-margin-top-large:0px;--awb-spacing-right-large:3.84%;--awb-margin-bottom-large:20px;--awb-spacing-left-large:3.84%;--awb-width-medium:50%;--awb-order-medium:0;--awb-spacing-right-medium:3.84%;--awb-spacing-left-medium:3.84%;--awb-width-small:100%;--awb-order-small:0;--awb-spacing-right-small:1.92%;--awb-spacing-left-small:1.92%;\"><div class=\"fusion-column-wrapper fusion-column-has-shadow fusion-flex-justify-content-flex-start fusion-content-layout-column\"><div class=\"fusion-text fusion-text-1\"><p><b>CRITIQUER<\/b><\/p>\n<ul>\n<li>Analyser la pertinence d\u2019une r\u00e9ponse IA<\/li>\n<li>Comparer deux productions<\/li>\n<li>D\u00e9tecter une erreur<\/li>\n<li>D\u00e9tecter un biais<\/li>\n<li>\u00c9valuer la fiabilit\u00e9 d\u2019une information<\/li>\n<li>Identifier les limites d\u2019un contenu<\/li>\n<li>Questionner une source<\/li>\n<li>Rep\u00e9rer une manipulation<\/li>\n<li>V\u00e9rifier une information<\/li>\n<\/ul>\n<p><b>RAISONNER<\/b><\/p>\n<ul>\n<li>Analyser une situation<\/li>\n<li>Classer des informations<\/li>\n<li>Construire une argumentation<\/li>\n<li>\u00c9mettre une hypoth\u00e8se<\/li>\n<li>Faire des liens entre concepts<\/li>\n<li>Hi\u00e9rarchiser des informations<\/li>\n<li>Identifier cause \/ cons\u00e9quence<\/li>\n<li>Organiser un raisonnement<\/li>\n<li>R\u00e9soudre un probl\u00e8me<\/li>\n<\/ul>\n<p><b>S<span style=\"letter-spacing: 0.24px; background-color: rgba(0, 0, 0, 0);\">E PROT\u00c9GER<\/span><\/b><\/p>\n<\/p>\n<ul>\n<li><span style=\"letter-spacing: 0.24px; background-color: rgba(0, 0, 0, 0);\">Analyser les donn\u00e9es demand\u00e9es<\/span><\/li>\n<li>Choisir ce qu\u2019on partage<\/li>\n<li>Comprendre les risques<\/li>\n<li>D\u00e9tecter un usage dangereux<\/li>\n<li>Identifier une situation \u00e0 risque<\/li>\n<li>Limiter les infos personnelles<\/li>\n<li>Reconna\u00eetre une manipulation<\/li>\n<\/ul>\n<p><b>AGIR AVEC \u00c9THIQUE<\/b><\/p>\n<ul>\n<li>Analyser les impacts<\/li>\n<li>Argumenter un usage responsable<\/li>\n<li>D\u00e9battre d\u2019une situation<\/li>\n<li>Distinguer aide \/ tricherie<\/li>\n<li>\u00c9valuer les cons\u00e9quences<\/li>\n<li>Justifier un choix \u00e9thique<\/li>\n<li>Prendre position<\/li>\n<\/ul>\n<p><b>\u00c9COCONCEVOIR<\/b><\/p>\n<ul>\n<li>Analyser l\u2019impact environnemental<\/li>\n<li>Comparer les usages<\/li>\n<li>\u00c9valuer la pertinence<\/li>\n<li>Identifier un usage excessif<\/li>\n<li>Limiter l\u2019usage inutile<\/li>\n<li>Optimiser un prompt<\/li>\n<li>Proposer une alternative<\/li>\n<\/ul>\n<p><b>PRODUIRE AVEC L\u2019IA<\/b><\/p>\n<\/p>\n<ul>\n<li>Am\u00e9liorer une production<\/li>\n<li>Adapter \u00e0 un public<\/li>\n<li>Cr\u00e9er une consigne<\/li>\n<li>Cr\u00e9er une d\u00e9finition<\/li>\n<li>Cr\u00e9er une question<\/li>\n<li>Reformuler un texte<\/li>\n<li>R\u00e9sumer un contenu<\/li>\n<li>Structurer une r\u00e9ponse<\/li>\n<li>Transformer un contenu<\/li>\n<\/ul>\n<\/div><\/div><\/div><div class=\"fusion-layout-column fusion_builder_column fusion-builder-column-5 fusion_builder_column_1_2 1_2 fusion-flex-column\" style=\"--awb-bg-size:cover;--awb-width-large:50%;--awb-margin-top-large:0px;--awb-spacing-right-large:3.84%;--awb-margin-bottom-large:20px;--awb-spacing-left-large:3.84%;--awb-width-medium:50%;--awb-order-medium:0;--awb-spacing-right-medium:3.84%;--awb-spacing-left-medium:3.84%;--awb-width-small:100%;--awb-order-small:0;--awb-spacing-right-small:1.92%;--awb-spacing-left-small:1.92%;\"><div class=\"fusion-column-wrapper fusion-column-has-shadow fusion-flex-justify-content-flex-start fusion-content-layout-column\"><div class=\"fusion-text fusion-text-2\"><ul>\n<li>Analyser un exemple<\/li>\n<li>Annoter un document<\/li>\n<li>Associer des \u00e9l\u00e9ments<\/li>\n<li>Argumenter un point de vue<\/li>\n<li>Brainstorming rapide<\/li>\n<li>Bilan en 3 points<\/li>\n<li>Classer des informations<\/li>\n<li>Comparer deux contenus<\/li>\n<li>Compl\u00e9ter un sch\u00e9ma<\/li>\n<li>Compl\u00e9ter un texte \u00e0 trous<\/li>\n<li>Construire une d\u00e9finition<\/li>\n<li>Corriger une production<\/li>\n<li>Cr\u00e9er une question pertinente<\/li>\n<li>Critiquer une r\u00e9ponse<\/li>\n<li>D\u00e9tecter une erreur<\/li>\n<li>D\u00e9tecter un biais<\/li>\n<li>Distinguer vrai \/ faux<\/li>\n<li>Donner un exemple<\/li>\n<li>Expliquer avec ses mots<\/li>\n<li>\u00c9valuer une r\u00e9ponse<\/li>\n<li>\u00c9mettre une hypoth\u00e8se<\/li>\n<li>Faire des liens entre id\u00e9es<\/li>\n<li>Formuler un probl\u00e8me<\/li>\n<li>Formuler un prompt<\/li>\n<li>G\u00e9n\u00e9rer des id\u00e9es<\/li>\n<li>G\u00e9n\u00e9raliser une r\u00e8gle<\/li>\n<li>Hi\u00e9rarchiser des informations<\/li>\n<li>Identifier des \u00e9l\u00e9ments cl\u00e9s<\/li>\n<li>Identifier une intention<\/li>\n<li>Illustrer un concept<\/li>\n<li>Justifier un choix<\/li>\n<li>L\u00e9gender un sch\u00e9ma<\/li>\n<li>Lister des \u00e9l\u00e9ments importants<\/li>\n<li>Mettre dans l\u2019ordre<\/li>\n<li>Mettre en relation des concepts<\/li>\n<li>Modifier un contenu<\/li>\n<li>Nommer un concept<\/li>\n<li>Observer et d\u00e9crire<\/li>\n<li>Organiser des id\u00e9es<\/li>\n<li>Proposer une am\u00e9lioration<\/li>\n<li>Poser des questions pertinentes<\/li>\n<li>Pr\u00e9dire un r\u00e9sultat<\/li>\n<li>Prendre position<\/li>\n<li>Prioriser des informations<\/li>\n<li>Questionner un contenu<\/li>\n<li>Reformuler un texte<\/li>\n<li>Relier des \u00e9l\u00e9ments<\/li>\n<li>R\u00e9soudre un probl\u00e8me simple<\/li>\n<li>R\u00e9sumer en une phrase<\/li>\n<li>R\u00e9sumer en 3 mots<\/li>\n<li>S\u00e9lectionner une information pertinente<\/li>\n<li>Structurer un contenu<\/li>\n<li>Synth\u00e9tiser plusieurs id\u00e9es<\/li>\n<li>Trier des informations<\/li>\n<li>Transformer un contenu<\/li>\n<li>V\u00e9rifier une information<\/li>\n<li>Valider ou invalider une r\u00e9ponse<\/li>\n<\/ul>\n<\/div><\/div><\/div><div class=\"fusion-layout-column fusion_builder_column fusion-builder-column-6 fusion_builder_column_1_1 1_1 fusion-flex-column\" style=\"--awb-bg-size:cover;--awb-width-large:100%;--awb-margin-top-large:0px;--awb-spacing-right-large:1.92%;--awb-margin-bottom-large:20px;--awb-spacing-left-large:1.92%;--awb-width-medium:100%;--awb-order-medium:0;--awb-spacing-right-medium:1.92%;--awb-spacing-left-medium:1.92%;--awb-width-small:100%;--awb-order-small:0;--awb-spacing-right-small:1.92%;--awb-spacing-left-small:1.92%;\"><div class=\"fusion-column-wrapper fusion-column-has-shadow fusion-flex-justify-content-flex-start fusion-content-layout-column\"><\/div><\/div><\/div><\/div><\/p>\n","protected":false},"excerpt":{"rendered":"","protected":false},"author":1,"featured_media":0,"parent":0,"menu_order":0,"comment_status":"closed","ping_status":"closed","template":"100-width.php","meta":{"footnotes":""},"class_list":["post-3310","page","type-page","status-publish","hentry"],"yoast_head":"<!-- This site is optimized with the Yoast SEO plugin v27.4 - https:\/\/yoast.com\/product\/yoast-seo-wordpress\/ -->\n<title>Action - P\u00e9dagogie &amp; Intelligence artificielle<\/title>\n<meta name=\"robots\" content=\"index, follow, max-snippet:-1, max-image-preview:large, max-video-preview:-1\" \/>\n<link rel=\"canonical\" href=\"https:\/\/ia-education.be\/?page_id=3310\" \/>\n<meta property=\"og:locale\" content=\"fr_FR\" \/>\n<meta property=\"og:type\" content=\"article\" \/>\n<meta property=\"og:title\" content=\"Action - P\u00e9dagogie &amp; Intelligence artificielle\" \/>\n<meta property=\"og:url\" content=\"https:\/\/ia-education.be\/?page_id=3310\" \/>\n<meta property=\"og:site_name\" content=\"P\u00e9dagogie &amp; Intelligence artificielle\" \/>\n<meta property=\"article:modified_time\" content=\"2026-04-18T18:20:35+00:00\" \/>\n<meta name=\"twitter:card\" content=\"summary_large_image\" \/>\n<script type=\"application\/ld+json\" class=\"yoast-schema-graph\">{\"@context\":\"https:\\\/\\\/schema.org\",\"@graph\":[{\"@type\":\"WebPage\",\"@id\":\"https:\\\/\\\/ia-education.be\\\/?page_id=3310\",\"url\":\"https:\\\/\\\/ia-education.be\\\/?page_id=3310\",\"name\":\"Action - P\u00e9dagogie &amp; Intelligence artificielle\",\"isPartOf\":{\"@id\":\"https:\\\/\\\/ia-education.be\\\/#website\"},\"datePublished\":\"2026-04-18T18:13:39+00:00\",\"dateModified\":\"2026-04-18T18:20:35+00:00\",\"breadcrumb\":{\"@id\":\"https:\\\/\\\/ia-education.be\\\/?page_id=3310#breadcrumb\"},\"inLanguage\":\"fr-BE\",\"potentialAction\":[{\"@type\":\"ReadAction\",\"target\":[\"https:\\\/\\\/ia-education.be\\\/?page_id=3310\"]}]},{\"@type\":\"BreadcrumbList\",\"@id\":\"https:\\\/\\\/ia-education.be\\\/?page_id=3310#breadcrumb\",\"itemListElement\":[{\"@type\":\"ListItem\",\"position\":1,\"name\":\"Accueil\",\"item\":\"https:\\\/\\\/ia-education.be\\\/\"},{\"@type\":\"ListItem\",\"position\":2,\"name\":\"Action\"}]},{\"@type\":\"WebSite\",\"@id\":\"https:\\\/\\\/ia-education.be\\\/#website\",\"url\":\"https:\\\/\\\/ia-education.be\\\/\",\"name\":\"P\u00e9dagogie &amp; Intelligence artificielle\",\"description\":\"Apprendre avec efficience\",\"potentialAction\":[{\"@type\":\"SearchAction\",\"target\":{\"@type\":\"EntryPoint\",\"urlTemplate\":\"https:\\\/\\\/ia-education.be\\\/?s={search_term_string}\"},\"query-input\":{\"@type\":\"PropertyValueSpecification\",\"valueRequired\":true,\"valueName\":\"search_term_string\"}}],\"inLanguage\":\"fr-BE\"}]}<\/script>\n<!-- \/ Yoast SEO plugin. -->","yoast_head_json":{"title":"Action - P\u00e9dagogie &amp; Intelligence artificielle","robots":{"index":"index","follow":"follow","max-snippet":"max-snippet:-1","max-image-preview":"max-image-preview:large","max-video-preview":"max-video-preview:-1"},"canonical":"https:\/\/ia-education.be\/?page_id=3310","og_locale":"fr_FR","og_type":"article","og_title":"Action - P\u00e9dagogie &amp; Intelligence artificielle","og_url":"https:\/\/ia-education.be\/?page_id=3310","og_site_name":"P\u00e9dagogie &amp; Intelligence artificielle","article_modified_time":"2026-04-18T18:20:35+00:00","twitter_card":"summary_large_image","schema":{"@context":"https:\/\/schema.org","@graph":[{"@type":"WebPage","@id":"https:\/\/ia-education.be\/?page_id=3310","url":"https:\/\/ia-education.be\/?page_id=3310","name":"Action - P\u00e9dagogie &amp; Intelligence artificielle","isPartOf":{"@id":"https:\/\/ia-education.be\/#website"},"datePublished":"2026-04-18T18:13:39+00:00","dateModified":"2026-04-18T18:20:35+00:00","breadcrumb":{"@id":"https:\/\/ia-education.be\/?page_id=3310#breadcrumb"},"inLanguage":"fr-BE","potentialAction":[{"@type":"ReadAction","target":["https:\/\/ia-education.be\/?page_id=3310"]}]},{"@type":"BreadcrumbList","@id":"https:\/\/ia-education.be\/?page_id=3310#breadcrumb","itemListElement":[{"@type":"ListItem","position":1,"name":"Accueil","item":"https:\/\/ia-education.be\/"},{"@type":"ListItem","position":2,"name":"Action"}]},{"@type":"WebSite","@id":"https:\/\/ia-education.be\/#website","url":"https:\/\/ia-education.be\/","name":"P\u00e9dagogie &amp; Intelligence artificielle","description":"Apprendre avec efficience","potentialAction":[{"@type":"SearchAction","target":{"@type":"EntryPoint","urlTemplate":"https:\/\/ia-education.be\/?s={search_term_string}"},"query-input":{"@type":"PropertyValueSpecification","valueRequired":true,"valueName":"search_term_string"}}],"inLanguage":"fr-BE"}]}},"_links":{"self":[{"href":"https:\/\/ia-education.be\/index.php?rest_route=\/wp\/v2\/pages\/3310","targetHints":{"allow":["GET"]}}],"collection":[{"href":"https:\/\/ia-education.be\/index.php?rest_route=\/wp\/v2\/pages"}],"about":[{"href":"https:\/\/ia-education.be\/index.php?rest_route=\/wp\/v2\/types\/page"}],"author":[{"embeddable":true,"href":"https:\/\/ia-education.be\/index.php?rest_route=\/wp\/v2\/users\/1"}],"replies":[{"embeddable":true,"href":"https:\/\/ia-education.be\/index.php?rest_route=%2Fwp%2Fv2%2Fcomments&post=3310"}],"version-history":[{"count":3,"href":"https:\/\/ia-education.be\/index.php?rest_route=\/wp\/v2\/pages\/3310\/revisions"}],"predecessor-version":[{"id":3313,"href":"https:\/\/ia-education.be\/index.php?rest_route=\/wp\/v2\/pages\/3310\/revisions\/3313"}],"wp:attachment":[{"href":"https:\/\/ia-education.be\/index.php?rest_route=%2Fwp%2Fv2%2Fmedia&parent=3310"}],"curies":[{"name":"wp","href":"https:\/\/api.w.org\/{rel}","templated":true}]}}